{"id":74,"date":"2017-07-12T05:54:02","date_gmt":"2017-07-12T05:54:02","guid":{"rendered":"https:\/\/singmargroup.com\/?page_id=74"},"modified":"2024-11-20T15:25:10","modified_gmt":"2024-11-20T15:25:10","slug":"projects","status":"publish","type":"page","link":"https:\/\/singmargroup.com\/fr\/projects\/","title":{"rendered":"Projets"},"content":{"rendered":"<div data-elementor-type=\"wp-post\" data-elementor-id=\"74\" class=\"elementor elementor-74\">\n\t\t\t\t<div class=\"elementor-element elementor-element-0c3076c e-flex e-con-boxed e-con e-parent\" data-id=\"0c3076c\" data-element_type=\"container\" data-e-type=\"container\" data-settings=\"{&quot;background_background&quot;:&quot;classic&quot;}\">\n\t\t\t\t\t<div class=\"e-con-inner\">\n\t\t<div class=\"elementor-element elementor-element-3035015 e-con-full e-flex e-con e-child\" data-id=\"3035015\" data-element_type=\"container\" data-e-type=\"container\" data-settings=\"{&quot;background_background&quot;:&quot;classic&quot;}\">\n\t\t\t\t<div class=\"elementor-element elementor-element-8cfbc5b elementor-widget__width-initial elementor-invisible elementor-widget elementor-widget-text-editor\" data-id=\"8cfbc5b\" data-element_type=\"widget\" data-e-type=\"widget\" data-settings=\"{&quot;_animation&quot;:&quot;fadeIn&quot;}\" data-widget_type=\"text-editor.default\">\n\t\t\t\t<div class=\"elementor-widget-container\">\n\t\t\t\t\t\t\t\t\t<p>Des solutions immobili\u00e8res int\u00e9gr\u00e9es dans des projets qui fa\u00e7onnent l'avenir.<\/p>\t\t\t\t\t\t\t\t<\/div>\n\t\t\t\t<\/div>\n\t\t\t\t<\/div>\n\t\t\t\t\t<\/div>\n\t\t\t\t<\/div>\n\t\t<div class=\"elementor-element elementor-element-e961b0c e-flex e-con-boxed e-con e-parent\" data-id=\"e961b0c\" data-element_type=\"container\" data-e-type=\"container\" data-settings=\"{&quot;background_background&quot;:&quot;classic&quot;}\">\n\t\t\t\t\t<div class=\"e-con-inner\">\n\t\t<div class=\"elementor-element elementor-element-e4cdb82 e-flex e-con-boxed e-con e-child\" data-id=\"e4cdb82\" data-element_type=\"container\" data-e-type=\"container\">\n\t\t\t\t\t<div class=\"e-con-inner\">\n\t\t\t\t<div class=\"elementor-element elementor-element-522df3c elementor-invisible elementor-widget elementor-widget-heading\" data-id=\"522df3c\" data-element_type=\"widget\" data-e-type=\"widget\" data-settings=\"{&quot;_animation&quot;:&quot;fadeIn&quot;}\" data-widget_type=\"heading.default\">\n\t\t\t\t<div class=\"elementor-widget-container\">\n\t\t\t\t\t<h2 class=\"elementor-heading-title elementor-size-default\">Projets Actuels<\/h2>\t\t\t\t<\/div>\n\t\t\t\t<\/div>\n\t\t\t\t<div class=\"elementor-element elementor-element-0a7b8a9 elementor-widget-divider--view-line elementor-widget elementor-widget-divider\" data-id=\"0a7b8a9\" data-element_type=\"widget\" data-e-type=\"widget\" data-widget_type=\"divider.default\">\n\t\t\t\t<div class=\"elementor-widget-container\">\n\t\t\t\t\t\t\t<div class=\"elementor-divider\">\n\t\t\t<span class=\"elementor-divider-separator\">\n\t\t\t\t\t\t<\/span>\n\t\t<\/div>\n\t\t\t\t\t\t<\/div>\n\t\t\t\t<\/div>\n\t\t\t\t<div class=\"elementor-element elementor-element-a6ae69b elementor-invisible elementor-widget elementor-widget-text-editor\" data-id=\"a6ae69b\" data-element_type=\"widget\" data-e-type=\"widget\" data-settings=\"{&quot;_animation&quot;:&quot;fadeIn&quot;}\" data-widget_type=\"text-editor.default\">\n\t\t\t\t<div class=\"elementor-widget-container\">\n\t\t\t\t\t\t\t\t\t<p>Bienvenue dans notre portfolio de projets r\u00e9cents, o\u00f9 chaque initiative incarne notre engagement envers l'excellence, l'innovation et la satisfaction client dans le domaine du conseil en immobilier.<\/p>\t\t\t\t\t\t\t\t<\/div>\n\t\t\t\t<\/div>\n\t\t\t\t\t<\/div>\n\t\t\t\t<\/div>\n\t\t\t\t\t<\/div>\n\t\t\t\t<\/div>\n\t\t<div class=\"elementor-element elementor-element-8ca01f7 e-con-full e-flex e-con e-parent\" data-id=\"8ca01f7\" data-element_type=\"container\" data-e-type=\"container\">\n\t\t<div class=\"elementor-element elementor-element-f0a3cb5 e-con-full e-flex e-con e-child\" data-id=\"f0a3cb5\" data-element_type=\"container\" data-e-type=\"container\" data-settings=\"{&quot;background_background&quot;:&quot;classic&quot;}\">\n\t\t\t\t<div class=\"elementor-element elementor-element-6570495 elementor-widget elementor-widget-heading\" data-id=\"6570495\" data-element_type=\"widget\" data-e-type=\"widget\" data-widget_type=\"heading.default\">\n\t\t\t\t<div class=\"elementor-widget-container\">\n\t\t\t\t\t<h3 class=\"elementor-heading-title elementor-size-default\">Acquisition de Bureaux<\/h3>\t\t\t\t<\/div>\n\t\t\t\t<\/div>\n\t\t\t\t<div class=\"elementor-element elementor-element-839acb0 elementor-widget elementor-widget-heading\" data-id=\"839acb0\" data-element_type=\"widget\" data-e-type=\"widget\" data-widget_type=\"heading.default\">\n\t\t\t\t<div class=\"elementor-widget-container\">\n\t\t\t\t\t<span class=\"elementor-heading-title elementor-size-default\">01.<\/span>\t\t\t\t<\/div>\n\t\t\t\t<\/div>\n\t\t\t\t<div class=\"elementor-element elementor-element-d323700 elementor-widget elementor-widget-text-editor\" data-id=\"d323700\" data-element_type=\"widget\" data-e-type=\"widget\" data-widget_type=\"text-editor.default\">\n\t\t\t\t<div class=\"elementor-widget-container\">\n\t\t\t\t\t\t\t\t\t<p><span style=\"font-family: 'Rhodium Libre', sans-serif; text-align: var(--text-align);\"><span style=\"color: var(--ast-global-color-4); font-size: 1rem;\">Pour le compte d'une soci\u00e9t\u00e9 \u00e9nerg\u00e9tique internationale, Singmar a r\u00e9alis\u00e9\u00a0<\/span>des<span style=\"color: var(--ast-global-color-4); font-size: 1rem;\">\u00a0<\/span><\/span><span style=\"font-family: 'Rhodium Libre', sans-serif;\">recherches de march\u00e9 approfondies et \u00e9valuations d'un immeuble de bureaux de 15 \u00e9tages situ\u00e9 au Moyen-Orient, fournissant des solutions alternatives strat\u00e9giques et g\u00e9rant la proc\u00e9dure d'investissement.<\/span><\/p>\t\t\t\t\t\t\t\t<\/div>\n\t\t\t\t<\/div>\n\t\t\t\t<\/div>\n\t\t<div class=\"elementor-element elementor-element-32f4f4e e-con-full e-flex e-con e-child\" data-id=\"32f4f4e\" data-element_type=\"container\" data-e-type=\"container\" data-settings=\"{&quot;background_background&quot;:&quot;classic&quot;}\">\n\t\t\t\t<div class=\"elementor-element elementor-element-7f1e586 elementor-widget elementor-widget-heading\" data-id=\"7f1e586\" data-element_type=\"widget\" data-e-type=\"widget\" data-widget_type=\"heading.default\">\n\t\t\t\t<div class=\"elementor-widget-container\">\n\t\t\t\t\t<h3 class=\"elementor-heading-title elementor-size-default\">Gestion des Transactions<\/h3>\t\t\t\t<\/div>\n\t\t\t\t<\/div>\n\t\t\t\t<div class=\"elementor-element elementor-element-da9cba6 elementor-widget elementor-widget-heading\" data-id=\"da9cba6\" data-element_type=\"widget\" data-e-type=\"widget\" data-widget_type=\"heading.default\">\n\t\t\t\t<div class=\"elementor-widget-container\">\n\t\t\t\t\t<span class=\"elementor-heading-title elementor-size-default\">02.<\/span>\t\t\t\t<\/div>\n\t\t\t\t<\/div>\n\t\t\t\t<div class=\"elementor-element elementor-element-20988a3 elementor-widget elementor-widget-text-editor\" data-id=\"20988a3\" data-element_type=\"widget\" data-e-type=\"widget\" data-widget_type=\"text-editor.default\">\n\t\t\t\t<div class=\"elementor-widget-container\">\n\t\t\t\t\t\t\t\t\t<p><span style=\"font-family: 'Work Sans', sans-serif; text-align: var(--text-align);\"><span style=\"color: var(--ast-global-color-4); font-size: 1rem;\"><span style=\"font-family: 'Rhodium Libre', sans-serif; text-align: var(--text-align);\">Pour le compte d'une entreprise de t\u00e9l\u00e9communications, Singmar a r\u00e9alis\u00e9 des \u00e9tudes de march\u00e9 et des \u00e9valuations de 5 propri\u00e9t\u00e9s comprenant des bureaux, un entrep\u00f4t et un centre de distribution situ\u00e9s au Moyen-Orient. Singmar a \u00e9t\u00e9 impliqu\u00e9 en tant que conseiller lors de la cl\u00f4ture de l'acquisition.<\/span><\/span><\/span><span style=\"font-family: 'Work Sans', sans-serif; text-align: start;\">\u00a0<\/span><\/p>\t\t\t\t\t\t\t\t<\/div>\n\t\t\t\t<\/div>\n\t\t\t\t<\/div>\n\t\t<div class=\"elementor-element elementor-element-c5a7c88 e-con-full e-flex e-con e-child\" data-id=\"c5a7c88\" data-element_type=\"container\" data-e-type=\"container\" data-settings=\"{&quot;background_background&quot;:&quot;classic&quot;}\">\n\t\t\t\t<div class=\"elementor-element elementor-element-8abfbc5 elementor-widget elementor-widget-heading\" data-id=\"8abfbc5\" data-element_type=\"widget\" data-e-type=\"widget\" data-widget_type=\"heading.default\">\n\t\t\t\t<div class=\"elementor-widget-container\">\n\t\t\t\t\t<h3 class=\"elementor-heading-title elementor-size-default\">Installations d'Entrep\u00f4ts<\/h3>\t\t\t\t<\/div>\n\t\t\t\t<\/div>\n\t\t\t\t<div class=\"elementor-element elementor-element-88522ee elementor-widget elementor-widget-heading\" data-id=\"88522ee\" data-element_type=\"widget\" data-e-type=\"widget\" data-widget_type=\"heading.default\">\n\t\t\t\t<div class=\"elementor-widget-container\">\n\t\t\t\t\t<span class=\"elementor-heading-title elementor-size-default\">03.<\/span>\t\t\t\t<\/div>\n\t\t\t\t<\/div>\n\t\t\t\t<div class=\"elementor-element elementor-element-7168e25 elementor-widget elementor-widget-text-editor\" data-id=\"7168e25\" data-element_type=\"widget\" data-e-type=\"widget\" data-widget_type=\"text-editor.default\">\n\t\t\t\t<div class=\"elementor-widget-container\">\n\t\t\t\t\t\t\t\t\t<p><span style=\"font-family: 'Work Sans', sans-serif; text-align: var(--text-align);\"><span style=\"color: var(--ast-global-color-4); font-size: 1rem;\"><span style=\"font-family: 'Rhodium Libre', sans-serif; text-align: var(--text-align);\">Pour le compte d'une entreprise p\u00e9trochimique, Singmar a r\u00e9alis\u00e9 une \u00e9tude de march\u00e9 et men\u00e9 des n\u00e9gociations pour l'acquisition d'installations d'entrep\u00f4t au Moyen-Orient. Singmar \u00e9tait impliqu\u00e9 en tant que conseiller dans la cl\u00f4ture de l'acquisition.<\/span><\/span><\/span><\/p>\t\t\t\t\t\t\t\t<\/div>\n\t\t\t\t<\/div>\n\t\t\t\t<\/div>\n\t\t\t\t<\/div>\n\t\t<div class=\"elementor-element elementor-element-352d041 e-con-full e-flex e-con e-parent\" data-id=\"352d041\" data-element_type=\"container\" data-e-type=\"container\">\n\t\t<div class=\"elementor-element elementor-element-c812e17 e-con-full e-flex e-con e-child\" data-id=\"c812e17\" data-element_type=\"container\" data-e-type=\"container\" data-settings=\"{&quot;background_background&quot;:&quot;classic&quot;}\">\n\t\t\t\t<div class=\"elementor-element elementor-element-8f7c925 elementor-widget elementor-widget-heading\" data-id=\"8f7c925\" data-element_type=\"widget\" data-e-type=\"widget\" data-widget_type=\"heading.default\">\n\t\t\t\t<div class=\"elementor-widget-container\">\n\t\t\t\t\t<h3 class=\"elementor-heading-title elementor-size-default\">Bureaux Diplomatiques<\/h3>\t\t\t\t<\/div>\n\t\t\t\t<\/div>\n\t\t\t\t<div class=\"elementor-element elementor-element-6559d53 elementor-widget elementor-widget-heading\" data-id=\"6559d53\" data-element_type=\"widget\" data-e-type=\"widget\" data-widget_type=\"heading.default\">\n\t\t\t\t<div class=\"elementor-widget-container\">\n\t\t\t\t\t<span class=\"elementor-heading-title elementor-size-default\">04.<\/span>\t\t\t\t<\/div>\n\t\t\t\t<\/div>\n\t\t\t\t<div class=\"elementor-element elementor-element-f6946f3 elementor-widget elementor-widget-text-editor\" data-id=\"f6946f3\" data-element_type=\"widget\" data-e-type=\"widget\" data-widget_type=\"text-editor.default\">\n\t\t\t\t<div class=\"elementor-widget-container\">\n\t\t\t\t\t\t\t\t\t<p><span style=\"text-align: var(--text-align);\"><span style=\"color: var(--ast-global-color-4); font-size: 1rem;\">Pour le compte d'un organisme diplomatique <\/span>organization<span style=\"color: var(--ast-global-color-4); font-size: 1rem;\">&nbsp;Singmar a r\u00e9alis\u00e9 des recherches de march\u00e9 et des \u00e9valuations de propri\u00e9t\u00e9s et de bureaux situ\u00e9s en Europe. Singmar \u00e9tait impliqu\u00e9 en tant que conseiller dans la cl\u00f4ture de l'acquisition.<\/span><\/span><\/p>\t\t\t\t\t\t\t\t<\/div>\n\t\t\t\t<\/div>\n\t\t\t\t<\/div>\n\t\t<div class=\"elementor-element elementor-element-bdf8706 e-con-full e-flex e-con e-child\" data-id=\"bdf8706\" data-element_type=\"container\" data-e-type=\"container\" data-settings=\"{&quot;background_background&quot;:&quot;classic&quot;}\">\n\t\t\t\t<div class=\"elementor-element elementor-element-a67e7ee elementor-widget elementor-widget-heading\" data-id=\"a67e7ee\" data-element_type=\"widget\" data-e-type=\"widget\" data-widget_type=\"heading.default\">\n\t\t\t\t<div class=\"elementor-widget-container\">\n\t\t\t\t\t<h3 class=\"elementor-heading-title elementor-size-default\">Expertise R\u00e9sidentielle<\/h3>\t\t\t\t<\/div>\n\t\t\t\t<\/div>\n\t\t\t\t<div class=\"elementor-element elementor-element-fc8e710 elementor-widget elementor-widget-heading\" data-id=\"fc8e710\" data-element_type=\"widget\" data-e-type=\"widget\" data-widget_type=\"heading.default\">\n\t\t\t\t<div class=\"elementor-widget-container\">\n\t\t\t\t\t<span class=\"elementor-heading-title elementor-size-default\">05.<\/span>\t\t\t\t<\/div>\n\t\t\t\t<\/div>\n\t\t\t\t<div class=\"elementor-element elementor-element-91b651b elementor-widget elementor-widget-text-editor\" data-id=\"91b651b\" data-element_type=\"widget\" data-e-type=\"widget\" data-widget_type=\"text-editor.default\">\n\t\t\t\t<div class=\"elementor-widget-container\">\n\t\t\t\t\t\t\t\t\t<p><span style=\"text-align: var(--text-align);\"><span style=\"color: var(--ast-global-color-4); font-size: 1rem;\">Pour le compte d'investisseurs \/ acheteurs priv\u00e9s<\/span><span style=\"color: var(--ast-global-color-4); font-size: 1rem;\"> Singmar a r\u00e9alis\u00e9 une expertise approfondie de leurs b\u00e2timents et propri\u00e9t\u00e9s. Singmar a men\u00e9 une revue exhaustive des contrats, des plans et de la planification, ainsi que des aspects techniques et financiers. Nous avons n\u00e9goci\u00e9 la correction des d\u00e9fauts et la r\u00e9ception \u00e0 nouveau des b\u00e2timents et des unit\u00e9s.&nbsp;<\/span><\/span><\/p>\t\t\t\t\t\t\t\t<\/div>\n\t\t\t\t<\/div>\n\t\t\t\t<\/div>\n\t\t<div class=\"elementor-element elementor-element-eb457d5 e-con-full e-flex e-con e-child\" data-id=\"eb457d5\" data-element_type=\"container\" data-e-type=\"container\" data-settings=\"{&quot;background_background&quot;:&quot;classic&quot;}\">\n\t\t\t\t<div class=\"elementor-element elementor-element-74d6df3 elementor-widget elementor-widget-heading\" data-id=\"74d6df3\" data-element_type=\"widget\" data-e-type=\"widget\" data-widget_type=\"heading.default\">\n\t\t\t\t<div class=\"elementor-widget-container\">\n\t\t\t\t\t<h3 class=\"elementor-heading-title elementor-size-default\">Centres M\u00e9dicaux<\/h3>\t\t\t\t<\/div>\n\t\t\t\t<\/div>\n\t\t\t\t<div class=\"elementor-element elementor-element-7d1f66e elementor-widget elementor-widget-heading\" data-id=\"7d1f66e\" data-element_type=\"widget\" data-e-type=\"widget\" data-widget_type=\"heading.default\">\n\t\t\t\t<div class=\"elementor-widget-container\">\n\t\t\t\t\t<span class=\"elementor-heading-title elementor-size-default\">06.<\/span>\t\t\t\t<\/div>\n\t\t\t\t<\/div>\n\t\t\t\t<div class=\"elementor-element elementor-element-5661450 elementor-widget elementor-widget-text-editor\" data-id=\"5661450\" data-element_type=\"widget\" data-e-type=\"widget\" data-widget_type=\"text-editor.default\">\n\t\t\t\t<div class=\"elementor-widget-container\">\n\t\t\t\t\t\t\t\t\t<p><span style=\"text-align: var(--text-align);\"><span style=\"color: var(--ast-global-color-4); font-size: 1rem;\">Pour le compte de la soci\u00e9t\u00e9 de gestion, Singmar a structur\u00e9 et mis en place un <\/span>portefeuille<span style=\"color: var(--ast-global-color-4); font-size: 1rem;\">&nbsp;de plusieurs unit\u00e9s m\u00e9dicales <\/span>organis\u00e9<span style=\"color: var(--ast-global-color-4); font-size: 1rem;\">&nbsp;en <\/span>centres<span style=\"color: var(--ast-global-color-4); font-size: 1rem;\">&nbsp;sp\u00e9cialis\u00e9s.<\/span><\/span><\/p>\t\t\t\t\t\t\t\t<\/div>\n\t\t\t\t<\/div>\n\t\t\t\t<\/div>\n\t\t\t\t<\/div>\n\t\t\t\t<\/div>","protected":false},"excerpt":{"rendered":"<p>Real estate solutions embedded in projects that shapes tomorrow. Current Projects Welcome to our portfolio of recent projects, where each [&hellip;]<\/p>\n","protected":false},"author":1,"featured_media":0,"parent":0,"menu_order":0,"comment_status":"closed","ping_status":"closed","template":"","meta":{"_monsterinsights_skip_tracking":false,"_monsterinsights_sitenote_active":false,"_monsterinsights_sitenote_note":"","_monsterinsights_sitenote_category":0,"site-sidebar-layout":"no-sidebar","site-content-layout":"page-builder","ast-site-content-layout":"","site-content-style":"default","site-sidebar-style":"default","ast-global-header-display":"","ast-banner-title-visibility":"","ast-main-header-display":"","ast-hfb-above-header-display":"","ast-hfb-below-header-display":"","ast-hfb-mobile-header-display":"","site-post-title":"disabled","ast-breadcrumbs-content":"","ast-featured-img":"disabled","footer-sml-layout":"","theme-transparent-header-meta":"enabled","adv-header-id-meta":"","stick-header-meta":"","header-above-stick-meta":"","header-main-stick-meta":"","header-below-stick-meta":"","astra-migrate-meta-layouts":"default","ast-page-background-enabled":"default","ast-page-background-meta":{"desktop":{"background-color":"","background-image":"","background-repeat":"repeat","background-position":"center center","background-size":"auto","background-attachment":"scroll","background-type":"","background-media":"","overlay-type":"","overlay-color":"","overlay-opacity":"","overlay-gradient":""},"tablet":{"background-color":"","background-image":"","background-repeat":"repeat","background-position":"center center","background-size":"auto","background-attachment":"scroll","background-type":"","background-media":"","overlay-type":"","overlay-color":"","overlay-opacity":"","overlay-gradient":""},"mobile":{"background-color":"","background-image":"","background-repeat":"repeat","background-position":"center center","background-size":"auto","background-attachment":"scroll","background-type":"","background-media":"","overlay-type":"","overlay-color":"","overlay-opacity":"","overlay-gradient":""}},"ast-content-background-meta":{"desktop":{"background-color":"var(--ast-global-color-5)","background-image":"","background-repeat":"repeat","background-position":"center center","background-size":"auto","background-attachment":"scroll","background-type":"","background-media":"","overlay-type":"","overlay-color":"","overlay-opacity":"","overlay-gradient":""},"tablet":{"background-color":"var(--ast-global-color-5)","background-image":"","background-repeat":"repeat","background-position":"center center","background-size":"auto","background-attachment":"scroll","background-type":"","background-media":"","overlay-type":"","overlay-color":"","overlay-opacity":"","overlay-gradient":""},"mobile":{"background-color":"var(--ast-global-color-5)","background-image":"","background-repeat":"repeat","background-position":"center center","background-size":"auto","background-attachment":"scroll","background-type":"","background-media":"","overlay-type":"","overlay-color":"","overlay-opacity":"","overlay-gradient":""}},"footnotes":""},"class_list":["post-74","page","type-page","status-publish","hentry"],"_links":{"self":[{"href":"https:\/\/singmargroup.com\/fr\/wp-json\/wp\/v2\/pages\/74","targetHints":{"allow":["GET"]}}],"collection":[{"href":"https:\/\/singmargroup.com\/fr\/wp-json\/wp\/v2\/pages"}],"about":[{"href":"https:\/\/singmargroup.com\/fr\/wp-json\/wp\/v2\/types\/page"}],"author":[{"embeddable":true,"href":"https:\/\/singmargroup.com\/fr\/wp-json\/wp\/v2\/users\/1"}],"replies":[{"embeddable":true,"href":"https:\/\/singmargroup.com\/fr\/wp-json\/wp\/v2\/comments?post=74"}],"version-history":[{"count":291,"href":"https:\/\/singmargroup.com\/fr\/wp-json\/wp\/v2\/pages\/74\/revisions"}],"predecessor-version":[{"id":5649,"href":"https:\/\/singmargroup.com\/fr\/wp-json\/wp\/v2\/pages\/74\/revisions\/5649"}],"wp:attachment":[{"href":"https:\/\/singmargroup.com\/fr\/wp-json\/wp\/v2\/media?parent=74"}],"curies":[{"name":"wp","href":"https:\/\/api.w.org\/{rel}","templated":true}]}}