{"id":71,"date":"2017-07-12T05:53:59","date_gmt":"2017-07-12T05:53:59","guid":{"rendered":"https:\/\/singmargroup.com\/?page_id=71"},"modified":"2024-11-20T15:26:45","modified_gmt":"2024-11-20T15:26:45","slug":"about","status":"publish","type":"page","link":"https:\/\/singmargroup.com\/fr\/about\/","title":{"rendered":"A Propos"},"content":{"rendered":"<div data-elementor-type=\"wp-post\" data-elementor-id=\"71\" class=\"elementor elementor-71\">\n\t\t\t\t<div class=\"elementor-element elementor-element-6496181 e-flex e-con-boxed e-con e-parent\" data-id=\"6496181\" data-element_type=\"container\" data-e-type=\"container\" data-settings=\"{&quot;background_background&quot;:&quot;classic&quot;}\">\n\t\t\t\t\t<div class=\"e-con-inner\">\n\t\t<div class=\"elementor-element elementor-element-28b810f e-con-full e-flex e-con e-child\" data-id=\"28b810f\" data-element_type=\"container\" data-e-type=\"container\">\n\t\t\t\t<div class=\"elementor-element elementor-element-fd26166 elementor-widget__width-initial elementor-invisible elementor-widget elementor-widget-text-editor\" data-id=\"fd26166\" data-element_type=\"widget\" data-e-type=\"widget\" data-settings=\"{&quot;_animation&quot;:&quot;fadeIn&quot;}\" data-widget_type=\"text-editor.default\">\n\t\t\t\t<div class=\"elementor-widget-container\">\n\t\t\t\t\t\t\t\t\t<p style=\"font-weight: 400;\">\u00c9lever les industries gr\u00e2ce \u00e0 l'innovation et au raffinement.<\/p>\t\t\t\t\t\t\t\t<\/div>\n\t\t\t\t<\/div>\n\t\t\t\t<\/div>\n\t\t\t\t\t<\/div>\n\t\t\t\t<\/div>\n\t\t<div class=\"elementor-element elementor-element-c068816 e-flex e-con-boxed e-con e-parent\" data-id=\"c068816\" data-element_type=\"container\" data-e-type=\"container\" data-settings=\"{&quot;background_background&quot;:&quot;classic&quot;}\">\n\t\t\t\t\t<div class=\"e-con-inner\">\n\t\t\t\t<div class=\"elementor-element elementor-element-8743717 elementor-invisible elementor-widget elementor-widget-heading\" data-id=\"8743717\" data-element_type=\"widget\" data-e-type=\"widget\" data-settings=\"{&quot;_animation&quot;:&quot;fadeIn&quot;}\" data-widget_type=\"heading.default\">\n\t\t\t\t<div class=\"elementor-widget-container\">\n\t\t\t\t\t<h2 class=\"elementor-heading-title elementor-size-default\">L' H\u00e9ritage<\/h2>\t\t\t\t<\/div>\n\t\t\t\t<\/div>\n\t\t\t\t<div class=\"elementor-element elementor-element-ce5c807 elementor-widget-divider--view-line elementor-widget elementor-widget-divider\" data-id=\"ce5c807\" data-element_type=\"widget\" data-e-type=\"widget\" data-widget_type=\"divider.default\">\n\t\t\t\t<div class=\"elementor-widget-container\">\n\t\t\t\t\t\t\t<div class=\"elementor-divider\">\n\t\t\t<span class=\"elementor-divider-separator\">\n\t\t\t\t\t\t<\/span>\n\t\t<\/div>\n\t\t\t\t\t\t<\/div>\n\t\t\t\t<\/div>\n\t\t\t\t<div class=\"elementor-element elementor-element-cc6ae4d elementor-invisible elementor-widget elementor-widget-text-editor\" data-id=\"cc6ae4d\" data-element_type=\"widget\" data-e-type=\"widget\" data-settings=\"{&quot;_animation&quot;:&quot;fadeIn&quot;}\" data-widget_type=\"text-editor.default\">\n\t\t\t\t<div class=\"elementor-widget-container\">\n\t\t\t\t\t\t\t\t\t<p>Notre h\u00e9ritage a commenc\u00e9 avec une vision d'innovation dans les secteurs de l'immobilier et de l'infrastructure. Fond\u00e9e par des v\u00e9t\u00e9rans de l'industrie dot\u00e9s d'une richesse d'exp\u00e9rience combin\u00e9e, notre entreprise est n\u00e9e d'une passion profonde pour stimuler le changement positif et favoriser la croissance. S'appuyant sur des origines et une expertise diverses, nos fondateurs apportent un m\u00e9lange unique de perspicacit\u00e9 strat\u00e9gique, d'innovation et de d\u00e9vouement sans faille \u00e0 chaque projet. Avec un engagement commun envers l'excellence et un bilan de r\u00e9ussite, nous sommes des piliers de fiabilit\u00e9 et de confiance dans l'industrie. Notre parcours collectif est ancr\u00e9 dans une base construite sur l'int\u00e9grit\u00e9, le professionnalisme et une recherche incessante de l'excellence, nous propulsant en avant en tant que conseillers et partenaires de confiance.<\/p>\t\t\t\t\t\t\t\t<\/div>\n\t\t\t\t<\/div>\n\t\t\t\t\t<\/div>\n\t\t\t\t<\/div>\n\t\t<div class=\"elementor-element elementor-element-3dee2e4 e-flex e-con-boxed e-con e-parent\" data-id=\"3dee2e4\" data-element_type=\"container\" data-e-type=\"container\" data-settings=\"{&quot;background_background&quot;:&quot;classic&quot;}\">\n\t\t\t\t\t<div class=\"e-con-inner\">\n\t\t<div class=\"elementor-element elementor-element-3988d2a e-con-full e-flex e-con e-child\" data-id=\"3988d2a\" data-element_type=\"container\" data-e-type=\"container\">\n\t\t<div class=\"elementor-element elementor-element-07469b5 e-con-full e-flex e-con e-child\" data-id=\"07469b5\" data-element_type=\"container\" data-e-type=\"container\">\n\t\t\t\t<div class=\"elementor-element elementor-element-9a6829c elementor-invisible elementor-widget elementor-widget-heading\" data-id=\"9a6829c\" data-element_type=\"widget\" data-e-type=\"widget\" data-settings=\"{&quot;_animation&quot;:&quot;fadeIn&quot;}\" data-widget_type=\"heading.default\">\n\t\t\t\t<div class=\"elementor-widget-container\">\n\t\t\t\t\t<h2 class=\"elementor-heading-title elementor-size-default\">Les Valeurs<\/h2>\t\t\t\t<\/div>\n\t\t\t\t<\/div>\n\t\t\t\t<div class=\"elementor-element elementor-element-906f705 elementor-widget-divider--view-line elementor-widget elementor-widget-divider\" data-id=\"906f705\" data-element_type=\"widget\" data-e-type=\"widget\" data-widget_type=\"divider.default\">\n\t\t\t\t<div class=\"elementor-widget-container\">\n\t\t\t\t\t\t\t<div class=\"elementor-divider\">\n\t\t\t<span class=\"elementor-divider-separator\">\n\t\t\t\t\t\t<\/span>\n\t\t<\/div>\n\t\t\t\t\t\t<\/div>\n\t\t\t\t<\/div>\n\t\t\t\t<div class=\"elementor-element elementor-element-0635343 elementor-invisible elementor-widget elementor-widget-text-editor\" data-id=\"0635343\" data-element_type=\"widget\" data-e-type=\"widget\" data-settings=\"{&quot;_animation&quot;:&quot;fadeIn&quot;}\" data-widget_type=\"text-editor.default\">\n\t\t\t\t<div class=\"elementor-widget-container\">\n\t\t\t\t\t\t\t\t\t<p>Nos valeurs sont la pierre angulaire de tout ce que nous faisons. Fond\u00e9es sur l'int\u00e9grit\u00e9 et la responsabilit\u00e9, nous d\u00e9fendons les normes \u00e9thiques les plus \u00e9lev\u00e9es dans toutes nos interactions. D\u00e9di\u00e9s \u00e0 la collaboration et \u00e0 la communication ouverte, nous favorisons une culture de confiance et de respect parmi les membres de notre \u00e9quipe et nos clients. L'innovation et l'adaptabilit\u00e9 sont au c\u0153ur de notre approche, nous poussant \u00e0 rechercher continuellement de nouvelles solutions et \u00e0 embrasser le changement dans une industrie en constante \u00e9volution. Nous nous engageons \u00e0 l'excellence dans tous les aspects de notre travail, aspirant \u00e0 la perfection tout en restant humbles. D\u00e9vou\u00e9s \u00e0 avoir un impact positif sur nos communaut\u00e9s, en utilisant notre expertise pour stimuler une croissance durable et cr\u00e9er une valeur durable.<\/p>\t\t\t\t\t\t\t\t<\/div>\n\t\t\t\t<\/div>\n\t\t\t\t<\/div>\n\t\t\t\t<\/div>\n\t\t<div class=\"elementor-element elementor-element-5775e24 e-con-full e-flex e-con e-child\" data-id=\"5775e24\" data-element_type=\"container\" data-e-type=\"container\">\n\t\t<div class=\"elementor-element elementor-element-7fb2339 e-con-full e-flex e-con e-child\" data-id=\"7fb2339\" data-element_type=\"container\" data-e-type=\"container\">\n\t\t\t\t<div class=\"elementor-element elementor-element-e4b5379 elementor-invisible elementor-widget elementor-widget-heading\" data-id=\"e4b5379\" data-element_type=\"widget\" data-e-type=\"widget\" data-settings=\"{&quot;_animation&quot;:&quot;fadeIn&quot;}\" data-widget_type=\"heading.default\">\n\t\t\t\t<div class=\"elementor-widget-container\">\n\t\t\t\t\t<h2 class=\"elementor-heading-title elementor-size-default\">La Mission<\/h2>\t\t\t\t<\/div>\n\t\t\t\t<\/div>\n\t\t\t\t<div class=\"elementor-element elementor-element-55564cf elementor-widget-divider--view-line elementor-widget elementor-widget-divider\" data-id=\"55564cf\" data-element_type=\"widget\" data-e-type=\"widget\" data-widget_type=\"divider.default\">\n\t\t\t\t<div class=\"elementor-widget-container\">\n\t\t\t\t\t\t\t<div class=\"elementor-divider\">\n\t\t\t<span class=\"elementor-divider-separator\">\n\t\t\t\t\t\t<\/span>\n\t\t<\/div>\n\t\t\t\t\t\t<\/div>\n\t\t\t\t<\/div>\n\t\t\t\t<div class=\"elementor-element elementor-element-3308d6c elementor-invisible elementor-widget elementor-widget-text-editor\" data-id=\"3308d6c\" data-element_type=\"widget\" data-e-type=\"widget\" data-settings=\"{&quot;_animation&quot;:&quot;fadeIn&quot;}\" data-widget_type=\"text-editor.default\">\n\t\t\t\t<div class=\"elementor-widget-container\">\n\t\t\t\t\t\t\t\t\t<p>Notre mission est celle du d\u00e9vouement et de l'expertise dans les domaines dynamiques de l'immobilier et de l'infrastructure. Fond\u00e9e sur un engagement envers l'int\u00e9grit\u00e9, la confiance et le partenariat, nous avons cultiv\u00e9 un h\u00e9ritage de succ\u00e8s gr\u00e2ce \u00e0 notre connaissance approfondie de l'industrie et \u00e0 notre focalisation in\u00e9branlable sur le client. Avec une richesse d'exp\u00e9rience couvrant les secteurs commercial et r\u00e9sidentiel, nous avons forg\u00e9 des partenariats durables et pos\u00e9 les bases de d\u00e9veloppements transformateurs. Notre parcours est guid\u00e9 par une passion pour l'innovation et une recherche incessante d'excellence, permettant \u00e0 nos clients de naviguer dans les complexit\u00e9s et de saisir les opportunit\u00e9s avec confiance. Rejoignez-nous alors que nous continuons \u00e0 fa\u00e7onner le paysage de demain, ensemble.<\/p>\t\t\t\t\t\t\t\t<\/div>\n\t\t\t\t<\/div>\n\t\t\t\t<\/div>\n\t\t\t\t<\/div>\n\t\t\t\t\t<\/div>\n\t\t\t\t<\/div>\n\t\t<div class=\"elementor-element elementor-element-9ed203c e-flex e-con-boxed e-con e-parent\" data-id=\"9ed203c\" data-element_type=\"container\" data-e-type=\"container\" data-settings=\"{&quot;background_background&quot;:&quot;classic&quot;}\">\n\t\t\t\t\t<div class=\"e-con-inner\">\n\t\t<div class=\"elementor-element elementor-element-f45ecce e-con-full e-flex e-con e-child\" data-id=\"f45ecce\" data-element_type=\"container\" data-e-type=\"container\" data-settings=\"{&quot;background_background&quot;:&quot;classic&quot;}\">\n\t\t\t\t<div class=\"elementor-element elementor-element-af10058 elementor-invisible elementor-widget elementor-widget-heading\" data-id=\"af10058\" data-element_type=\"widget\" data-e-type=\"widget\" data-settings=\"{&quot;_animation&quot;:&quot;fadeIn&quot;}\" data-widget_type=\"heading.default\">\n\t\t\t\t<div class=\"elementor-widget-container\">\n\t\t\t\t\t<h2 class=\"elementor-heading-title elementor-size-default\">Notre Engagement<\/h2>\t\t\t\t<\/div>\n\t\t\t\t<\/div>\n\t\t\t\t<div class=\"elementor-element elementor-element-2721a6f elementor-widget-divider--view-line elementor-widget elementor-widget-divider\" data-id=\"2721a6f\" data-element_type=\"widget\" data-e-type=\"widget\" data-widget_type=\"divider.default\">\n\t\t\t\t<div class=\"elementor-widget-container\">\n\t\t\t\t\t\t\t<div class=\"elementor-divider\">\n\t\t\t<span class=\"elementor-divider-separator\">\n\t\t\t\t\t\t<\/span>\n\t\t<\/div>\n\t\t\t\t\t\t<\/div>\n\t\t\t\t<\/div>\n\t\t\t\t<div class=\"elementor-element elementor-element-efd336c elementor-invisible elementor-widget elementor-widget-text-editor\" data-id=\"efd336c\" data-element_type=\"widget\" data-e-type=\"widget\" data-settings=\"{&quot;_animation&quot;:&quot;fadeIn&quot;}\" data-widget_type=\"text-editor.default\">\n\t\t\t\t<div class=\"elementor-widget-container\">\n\t\t\t\t\t\t\t\t\t<p>Notre d\u00e9vouement va au-del\u00e0 des transactions ; il s'agit de favoriser des partenariats durables, d'obtenir des r\u00e9sultats exceptionnels et de naviguer \u00e0 travers les d\u00e9fis avec int\u00e9grit\u00e9 et d\u00e9vouement.<\/p>\t\t\t\t\t\t\t\t<\/div>\n\t\t\t\t<\/div>\n\t\t<div class=\"elementor-element elementor-element-f4665c7 e-flex e-con-boxed e-con e-child\" data-id=\"f4665c7\" data-element_type=\"container\" data-e-type=\"container\">\n\t\t\t\t\t<div class=\"e-con-inner\">\n\t\t<div class=\"elementor-element elementor-element-8c8fc12 e-con-full e-flex elementor-invisible e-con e-child\" data-id=\"8c8fc12\" data-element_type=\"container\" data-e-type=\"container\" data-settings=\"{&quot;background_background&quot;:&quot;classic&quot;,&quot;animation&quot;:&quot;fadeIn&quot;}\">\n\t\t\t\t<div class=\"elementor-element elementor-element-c673577 elementor-widget elementor-widget-image\" data-id=\"c673577\" data-element_type=\"widget\" data-e-type=\"widget\" data-widget_type=\"image.default\">\n\t\t\t\t<div class=\"elementor-widget-container\">\n\t\t\t\t\t\t\t\t\t\t\t\t\t\t\t<img fetchpriority=\"high\" decoding=\"async\" width=\"680\" height=\"1024\" src=\"https:\/\/singmargroup.com\/wp-content\/uploads\/2024\/03\/SG_About_3-680x1024.jpg\" class=\"attachment-large size-large wp-image-3362\" alt=\"\" srcset=\"https:\/\/singmargroup.com\/wp-content\/uploads\/2024\/03\/SG_About_3-680x1024.jpg 680w, https:\/\/singmargroup.com\/wp-content\/uploads\/2024\/03\/SG_About_3-199x300.jpg 199w, https:\/\/singmargroup.com\/wp-content\/uploads\/2024\/03\/SG_About_3-768x1156.jpg 768w, https:\/\/singmargroup.com\/wp-content\/uploads\/2024\/03\/SG_About_3-1020x1536.jpg 1020w, https:\/\/singmargroup.com\/wp-content\/uploads\/2024\/03\/SG_About_3-1360x2048.jpg 1360w, https:\/\/singmargroup.com\/wp-content\/uploads\/2024\/03\/SG_About_3-scaled.jpg 1700w\" sizes=\"(max-width: 680px) 100vw, 680px\" \/>\t\t\t\t\t\t\t\t\t\t\t\t\t\t\t<\/div>\n\t\t\t\t<\/div>\n\t\t\t\t<div class=\"elementor-element elementor-element-2286ced elementor-widget elementor-widget-image-box\" data-id=\"2286ced\" data-element_type=\"widget\" data-e-type=\"widget\" data-widget_type=\"image-box.default\">\n\t\t\t\t<div class=\"elementor-widget-container\">\n\t\t\t\t\t<div class=\"elementor-image-box-wrapper\"><div class=\"elementor-image-box-content\"><h4 class=\"elementor-image-box-title\">Orientation Besoins Client<\/h4><p class=\"elementor-image-box-description\">Engag\u00e9s \u00e0 r\u00e9pondre et \u00e0 d\u00e9passer vos attentes en pla\u00e7ant vos besoins au premier plan de nos op\u00e9rations. Gr\u00e2ce \u00e0 une \u00e9coute attentive et \u00e0 la r\u00e9solution proactive des probl\u00e8mes, nous veillons \u00e0 ce que chaque d\u00e9cision et action que nous prenons soit align\u00e9e sur vos objectifs et aspirations.<\/p><\/div><\/div>\t\t\t\t<\/div>\n\t\t\t\t<\/div>\n\t\t\t\t<\/div>\n\t\t<div class=\"elementor-element elementor-element-31af0fb e-con-full e-flex elementor-invisible e-con e-child\" data-id=\"31af0fb\" data-element_type=\"container\" data-e-type=\"container\" data-settings=\"{&quot;background_background&quot;:&quot;classic&quot;,&quot;animation&quot;:&quot;fadeIn&quot;}\">\n\t\t\t\t<div class=\"elementor-element elementor-element-3957838 elementor-widget elementor-widget-image\" data-id=\"3957838\" data-element_type=\"widget\" data-e-type=\"widget\" data-widget_type=\"image.default\">\n\t\t\t\t<div class=\"elementor-widget-container\">\n\t\t\t\t\t\t\t\t\t\t\t\t\t\t\t<img decoding=\"async\" width=\"819\" height=\"1024\" src=\"https:\/\/singmargroup.com\/wp-content\/uploads\/2024\/03\/SG_About_9-819x1024.jpg\" class=\"attachment-large size-large wp-image-3369\" alt=\"\" srcset=\"https:\/\/singmargroup.com\/wp-content\/uploads\/2024\/03\/SG_About_9-819x1024.jpg 819w, https:\/\/singmargroup.com\/wp-content\/uploads\/2024\/03\/SG_About_9-240x300.jpg 240w, https:\/\/singmargroup.com\/wp-content\/uploads\/2024\/03\/SG_About_9-768x960.jpg 768w, https:\/\/singmargroup.com\/wp-content\/uploads\/2024\/03\/SG_About_9-1229x1536.jpg 1229w, https:\/\/singmargroup.com\/wp-content\/uploads\/2024\/03\/SG_About_9-1638x2048.jpg 1638w, https:\/\/singmargroup.com\/wp-content\/uploads\/2024\/03\/SG_About_9-scaled.jpg 2048w\" sizes=\"(max-width: 819px) 100vw, 819px\" \/>\t\t\t\t\t\t\t\t\t\t\t\t\t\t\t<\/div>\n\t\t\t\t<\/div>\n\t\t\t\t<div class=\"elementor-element elementor-element-ddfeada elementor-widget elementor-widget-image-box\" data-id=\"ddfeada\" data-element_type=\"widget\" data-e-type=\"widget\" data-widget_type=\"image-box.default\">\n\t\t\t\t<div class=\"elementor-widget-container\">\n\t\t\t\t\t<div class=\"elementor-image-box-wrapper\"><div class=\"elementor-image-box-content\"><h4 class=\"elementor-image-box-title\">Excellence dans l'Ex\u00e9cution<\/h4><p class=\"elementor-image-box-description\">Nous nous engageons \u00e0 fournir l'excellence dans tous les aspects de nos services. De la gestion de projet m\u00e9ticuleuse \u00e0 la recherche de march\u00e9 approfondie, notre \u00e9quipe veille \u00e0 ce que chaque t\u00e2che soit ex\u00e9cut\u00e9e avec pr\u00e9cision et comp\u00e9tence.<\/p><\/div><\/div>\t\t\t\t<\/div>\n\t\t\t\t<\/div>\n\t\t\t\t<\/div>\n\t\t<div class=\"elementor-element elementor-element-80dcf7d e-con-full e-flex elementor-invisible e-con e-child\" data-id=\"80dcf7d\" data-element_type=\"container\" data-e-type=\"container\" data-settings=\"{&quot;background_background&quot;:&quot;classic&quot;,&quot;animation&quot;:&quot;fadeIn&quot;}\">\n\t\t\t\t<div class=\"elementor-element elementor-element-6bc99fb elementor-widget elementor-widget-image\" data-id=\"6bc99fb\" data-element_type=\"widget\" data-e-type=\"widget\" data-widget_type=\"image.default\">\n\t\t\t\t<div class=\"elementor-widget-container\">\n\t\t\t\t\t\t\t\t\t\t\t\t\t\t\t<img decoding=\"async\" width=\"1024\" height=\"733\" src=\"https:\/\/singmargroup.com\/wp-content\/uploads\/2024\/03\/SG_About_1-1024x733.jpg\" class=\"attachment-large size-large wp-image-3371\" alt=\"\" srcset=\"https:\/\/singmargroup.com\/wp-content\/uploads\/2024\/03\/SG_About_1-1024x733.jpg 1024w, https:\/\/singmargroup.com\/wp-content\/uploads\/2024\/03\/SG_About_1-300x215.jpg 300w, https:\/\/singmargroup.com\/wp-content\/uploads\/2024\/03\/SG_About_1-768x550.jpg 768w, https:\/\/singmargroup.com\/wp-content\/uploads\/2024\/03\/SG_About_1-1536x1100.jpg 1536w, https:\/\/singmargroup.com\/wp-content\/uploads\/2024\/03\/SG_About_1-2048x1466.jpg 2048w\" sizes=\"(max-width: 1024px) 100vw, 1024px\" \/>\t\t\t\t\t\t\t\t\t\t\t\t\t\t\t<\/div>\n\t\t\t\t<\/div>\n\t\t\t\t<div class=\"elementor-element elementor-element-f963612 elementor-widget elementor-widget-image-box\" data-id=\"f963612\" data-element_type=\"widget\" data-e-type=\"widget\" data-widget_type=\"image-box.default\">\n\t\t\t\t<div class=\"elementor-widget-container\">\n\t\t\t\t\t<div class=\"elementor-image-box-wrapper\"><div class=\"elementor-image-box-content\"><h4 class=\"elementor-image-box-title\">Int\u00e9grit\u00e9 et Transparence<\/h4><p class=\"elementor-image-box-description\">L'int\u00e9grit\u00e9 et la transparence sont les pierres angulaires de notre engagement envers vous. Nous respectons les normes \u00e9thiques les plus \u00e9lev\u00e9es dans toutes nos interactions et transactions, fournissant une communication transparente et des conseils honn\u00eates pour gagner et maintenir votre confiance.<\/p><\/div><\/div>\t\t\t\t<\/div>\n\t\t\t\t<\/div>\n\t\t\t\t<\/div>\n\t\t\t\t\t<\/div>\n\t\t\t\t<\/div>\n\t\t\t\t<\/div>\n\t\t\t\t\t<\/div>\n\t\t\t\t<\/div>\n\t\t<div class=\"elementor-element elementor-element-93e07b3 e-flex e-con-boxed e-con e-parent\" data-id=\"93e07b3\" data-element_type=\"container\" data-e-type=\"container\" data-settings=\"{&quot;background_background&quot;:&quot;classic&quot;}\">\n\t\t\t\t\t<div class=\"e-con-inner\">\n\t\t<div class=\"elementor-element elementor-element-a847ed8 e-con-full e-flex e-con e-child\" data-id=\"a847ed8\" data-element_type=\"container\" data-e-type=\"container\">\n\t\t\t\t<div class=\"elementor-element elementor-element-7866d08 elementor-invisible elementor-widget elementor-widget-heading\" data-id=\"7866d08\" data-element_type=\"widget\" data-e-type=\"widget\" data-settings=\"{&quot;_animation&quot;:&quot;fadeIn&quot;}\" data-widget_type=\"heading.default\">\n\t\t\t\t<div class=\"elementor-widget-container\">\n\t\t\t\t\t<h2 class=\"elementor-heading-title elementor-size-default\">Notre Equipe<\/h2>\t\t\t\t<\/div>\n\t\t\t\t<\/div>\n\t\t\t\t<div class=\"elementor-element elementor-element-a01d2ae elementor-widget-divider--view-line elementor-widget elementor-widget-divider\" data-id=\"a01d2ae\" data-element_type=\"widget\" data-e-type=\"widget\" data-widget_type=\"divider.default\">\n\t\t\t\t<div class=\"elementor-widget-container\">\n\t\t\t\t\t\t\t<div class=\"elementor-divider\">\n\t\t\t<span class=\"elementor-divider-separator\">\n\t\t\t\t\t\t<\/span>\n\t\t<\/div>\n\t\t\t\t\t\t<\/div>\n\t\t\t\t<\/div>\n\t\t\t\t<div class=\"elementor-element elementor-element-1d3f8b8 elementor-invisible elementor-widget elementor-widget-text-editor\" data-id=\"1d3f8b8\" data-element_type=\"widget\" data-e-type=\"widget\" data-settings=\"{&quot;_animation&quot;:&quot;fadeIn&quot;}\" data-widget_type=\"text-editor.default\">\n\t\t\t\t<div class=\"elementor-widget-container\">\n\t\t\t\t\t\t\t\t\t<p>\u00c0 Singmar Group, notre \u00e9quipe incarne l'essence de l'h\u00e9ritage et des valeurs de notre entreprise, fond\u00e9es sur l'innovation, l'int\u00e9grit\u00e9 et le d\u00e9vouement \u00e0 l'excellence. Forts d'une richesse collective d'exp\u00e9rience et d'expertise, nos membres d'\u00e9quipe sont des v\u00e9t\u00e9rans de l'industrie engag\u00e9s \u00e0 favoriser le changement positif et \u00e0 encourager la croissance dans les secteurs de l'immobilier et de l'infrastructure. Ancr\u00e9s dans l'int\u00e9grit\u00e9 et la responsabilit\u00e9, nous d\u00e9fendons les normes \u00e9thiques les plus \u00e9lev\u00e9es dans toutes nos interactions, favorisant une culture de confiance et de collaboration \u00e0 la fois au sein de notre \u00e9quipe et avec nos clients. Notre engagement envers l'excellence est in\u00e9branlable, nous poussant \u00e0 rechercher continuellement de nouvelles solutions et \u00e0 embrasser l'innovation dans une industrie en constante \u00e9volution. Avec une mission ax\u00e9e sur le d\u00e9vouement et l'expertise, nous donnons \u00e0 nos clients les moyens de naviguer dans les complexit\u00e9s et de saisir les opportunit\u00e9s avec confiance, fa\u00e7onnant ainsi le paysage de demain, ensemble.<\/p>\t\t\t\t\t\t\t\t<\/div>\n\t\t\t\t<\/div>\n\t\t\t\t<\/div>\n\t\t\t\t\t<\/div>\n\t\t\t\t<\/div>\n\t\t\t\t<\/div>","protected":false},"excerpt":{"rendered":"<p>Elevating industries through innovation and refinement The Heritage Our legacy began with a vision to innovate the real estate and [&hellip;]<\/p>\n","protected":false},"author":1,"featured_media":0,"parent":0,"menu_order":0,"comment_status":"closed","ping_status":"closed","template":"","meta":{"_monsterinsights_skip_tracking":false,"_monsterinsights_sitenote_active":false,"_monsterinsights_sitenote_note":"","_monsterinsights_sitenote_category":0,"site-sidebar-layout":"no-sidebar","site-content-layout":"page-builder","ast-site-content-layout":"","site-content-style":"default","site-sidebar-style":"default","ast-global-header-display":"","ast-banner-title-visibility":"","ast-main-header-display":"","ast-hfb-above-header-display":"","ast-hfb-below-header-display":"","ast-hfb-mobile-header-display":"","site-post-title":"disabled","ast-breadcrumbs-content":"","ast-featured-img":"disabled","footer-sml-layout":"","theme-transparent-header-meta":"enabled","adv-header-id-meta":"","stick-header-meta":"","header-above-stick-meta":"","header-main-stick-meta":"","header-below-stick-meta":"","astra-migrate-meta-layouts":"default","ast-page-background-enabled":"default","ast-page-background-meta":{"desktop":{"background-color":"","background-image":"","background-repeat":"repeat","background-position":"center center","background-size":"auto","background-attachment":"scroll","background-type":"","background-media":"","overlay-type":"","overlay-color":"","overlay-opacity":"","overlay-gradient":""},"tablet":{"background-color":"","background-image":"","background-repeat":"repeat","background-position":"center center","background-size":"auto","background-attachment":"scroll","background-type":"","background-media":"","overlay-type":"","overlay-color":"","overlay-opacity":"","overlay-gradient":""},"mobile":{"background-color":"","background-image":"","background-repeat":"repeat","background-position":"center center","background-size":"auto","background-attachment":"scroll","background-type":"","background-media":"","overlay-type":"","overlay-color":"","overlay-opacity":"","overlay-gradient":""}},"ast-content-background-meta":{"desktop":{"background-color":"var(--ast-global-color-5)","background-image":"","background-repeat":"repeat","background-position":"center center","background-size":"auto","background-attachment":"scroll","background-type":"","background-media":"","overlay-type":"","overlay-color":"","overlay-opacity":"","overlay-gradient":""},"tablet":{"background-color":"var(--ast-global-color-5)","background-image":"","background-repeat":"repeat","background-position":"center center","background-size":"auto","background-attachment":"scroll","background-type":"","background-media":"","overlay-type":"","overlay-color":"","overlay-opacity":"","overlay-gradient":""},"mobile":{"background-color":"var(--ast-global-color-5)","background-image":"","background-repeat":"repeat","background-position":"center center","background-size":"auto","background-attachment":"scroll","background-type":"","background-media":"","overlay-type":"","overlay-color":"","overlay-opacity":"","overlay-gradient":""}},"footnotes":""},"class_list":["post-71","page","type-page","status-publish","hentry"],"_links":{"self":[{"href":"https:\/\/singmargroup.com\/fr\/wp-json\/wp\/v2\/pages\/71","targetHints":{"allow":["GET"]}}],"collection":[{"href":"https:\/\/singmargroup.com\/fr\/wp-json\/wp\/v2\/pages"}],"about":[{"href":"https:\/\/singmargroup.com\/fr\/wp-json\/wp\/v2\/types\/page"}],"author":[{"embeddable":true,"href":"https:\/\/singmargroup.com\/fr\/wp-json\/wp\/v2\/users\/1"}],"replies":[{"embeddable":true,"href":"https:\/\/singmargroup.com\/fr\/wp-json\/wp\/v2\/comments?post=71"}],"version-history":[{"count":615,"href":"https:\/\/singmargroup.com\/fr\/wp-json\/wp\/v2\/pages\/71\/revisions"}],"predecessor-version":[{"id":5655,"href":"https:\/\/singmargroup.com\/fr\/wp-json\/wp\/v2\/pages\/71\/revisions\/5655"}],"wp:attachment":[{"href":"https:\/\/singmargroup.com\/fr\/wp-json\/wp\/v2\/media?parent=71"}],"curies":[{"name":"wp","href":"https:\/\/api.w.org\/{rel}","templated":true}]}}