{"id":4956,"date":"2024-03-13T12:14:12","date_gmt":"2024-03-13T12:14:12","guid":{"rendered":"https:\/\/singmargroup.com\/?page_id=4956"},"modified":"2024-11-20T15:27:41","modified_gmt":"2024-11-20T15:27:41","slug":"network","status":"publish","type":"page","link":"https:\/\/singmargroup.com\/fr\/network\/","title":{"rendered":"R\u00e9seau"},"content":{"rendered":"<div data-elementor-type=\"wp-post\" data-elementor-id=\"4956\" class=\"elementor elementor-4956\">\n\t\t\t\t<div class=\"elementor-element elementor-element-6496181 e-flex e-con-boxed e-con e-parent\" data-id=\"6496181\" data-element_type=\"container\" data-e-type=\"container\" data-settings=\"{&quot;background_background&quot;:&quot;classic&quot;}\">\n\t\t\t\t\t<div class=\"e-con-inner\">\n\t\t<div class=\"elementor-element elementor-element-28b810f e-con-full e-flex e-con e-child\" data-id=\"28b810f\" data-element_type=\"container\" data-e-type=\"container\">\n\t\t\t\t<div class=\"elementor-element elementor-element-fd26166 elementor-widget__width-initial elementor-invisible elementor-widget elementor-widget-text-editor\" data-id=\"fd26166\" data-element_type=\"widget\" data-e-type=\"widget\" data-settings=\"{&quot;_animation&quot;:&quot;fadeIn&quot;}\" data-widget_type=\"text-editor.default\">\n\t\t\t\t<div class=\"elementor-widget-container\">\n\t\t\t\t\t\t\t\t\t<p style=\"font-weight: 400;\">Les partenariats propulsent les opportunit\u00e9s de demain.<\/p>\t\t\t\t\t\t\t\t<\/div>\n\t\t\t\t<\/div>\n\t\t\t\t<\/div>\n\t\t\t\t\t<\/div>\n\t\t\t\t<\/div>\n\t\t<div class=\"elementor-element elementor-element-07ad40f e-flex e-con-boxed e-con e-parent\" data-id=\"07ad40f\" data-element_type=\"container\" data-e-type=\"container\" data-settings=\"{&quot;background_background&quot;:&quot;classic&quot;}\">\n\t\t\t\t\t<div class=\"e-con-inner\">\n\t\t<div class=\"elementor-element elementor-element-b804465 e-con-full e-flex e-con e-child\" data-id=\"b804465\" data-element_type=\"container\" data-e-type=\"container\">\n\t\t\t\t<div class=\"elementor-element elementor-element-1aa0e94 elementor-invisible elementor-widget elementor-widget-heading\" data-id=\"1aa0e94\" data-element_type=\"widget\" data-e-type=\"widget\" data-settings=\"{&quot;_animation&quot;:&quot;fadeIn&quot;}\" data-widget_type=\"heading.default\">\n\t\t\t\t<div class=\"elementor-widget-container\">\n\t\t\t\t\t<h2 class=\"elementor-heading-title elementor-size-default\">Nos Partenaires<\/h2>\t\t\t\t<\/div>\n\t\t\t\t<\/div>\n\t\t\t\t<div class=\"elementor-element elementor-element-f33390e elementor-widget-divider--view-line elementor-widget elementor-widget-divider\" data-id=\"f33390e\" data-element_type=\"widget\" data-e-type=\"widget\" data-widget_type=\"divider.default\">\n\t\t\t\t<div class=\"elementor-widget-container\">\n\t\t\t\t\t\t\t<div class=\"elementor-divider\">\n\t\t\t<span class=\"elementor-divider-separator\">\n\t\t\t\t\t\t<\/span>\n\t\t<\/div>\n\t\t\t\t\t\t<\/div>\n\t\t\t\t<\/div>\n\t\t\t\t<div class=\"elementor-element elementor-element-bbd564c elementor-invisible elementor-widget elementor-widget-text-editor\" data-id=\"bbd564c\" data-element_type=\"widget\" data-e-type=\"widget\" data-settings=\"{&quot;_animation&quot;:&quot;fadeIn&quot;}\" data-widget_type=\"text-editor.default\">\n\t\t\t\t<div class=\"elementor-widget-container\">\n\t\t\t\t\t\t\t\t\t<p>Un r\u00e9seau collaboratif alimente notre succ\u00e8s. Nous sommes fiers de nous associer \u00e0 des leaders de l'industrie, des innovateurs et des experts qui partagent notre engagement envers l'excellence. Ensemble, nous avan\u00e7ons, offrant des solutions impactantes. Explorez notre pr\u00e9sence r\u00e9gionale ci-dessous. Avec une pr\u00e9sence dans plusieurs pays europ\u00e9ens, au Moyen-Orient et en Asie, nous pouvons fournir un soutien gr\u00e2ce \u00e0 nos partenaires et agents locaux sur tous les aspects de l'immobilier selon vos besoins, en assistant dans les domaines commerciaux, juridiques et fiduciaires.<\/p><p>\u00a0<\/p>\t\t\t\t\t\t\t\t<\/div>\n\t\t\t\t<\/div>\n\t\t<div class=\"elementor-element elementor-element-859d920 e-flex e-con-boxed e-con e-child\" data-id=\"859d920\" data-element_type=\"container\" data-e-type=\"container\">\n\t\t\t\t\t<div class=\"e-con-inner\">\n\t\t<div class=\"elementor-element elementor-element-2264da9 e-con-full e-flex elementor-invisible e-con e-child\" data-id=\"2264da9\" data-element_type=\"container\" data-e-type=\"container\" data-settings=\"{&quot;animation&quot;:&quot;fadeIn&quot;,&quot;background_background&quot;:&quot;classic&quot;}\">\n\t\t\t\t<div class=\"elementor-element elementor-element-674ae94 elementor-widget elementor-widget-image\" data-id=\"674ae94\" data-element_type=\"widget\" data-e-type=\"widget\" data-widget_type=\"image.default\">\n\t\t\t\t<div class=\"elementor-widget-container\">\n\t\t\t\t\t\t\t\t\t\t\t\t\t\t\t<img fetchpriority=\"high\" decoding=\"async\" width=\"1024\" height=\"797\" src=\"https:\/\/singmargroup.com\/wp-content\/uploads\/2024\/03\/SG_EUMap-1024x797.png\" class=\"elementor-animation-grow attachment-large size-large wp-image-5127\" alt=\"\" srcset=\"https:\/\/singmargroup.com\/wp-content\/uploads\/2024\/03\/SG_EUMap-1024x797.png 1024w, https:\/\/singmargroup.com\/wp-content\/uploads\/2024\/03\/SG_EUMap-300x233.png 300w, https:\/\/singmargroup.com\/wp-content\/uploads\/2024\/03\/SG_EUMap-768x597.png 768w, https:\/\/singmargroup.com\/wp-content\/uploads\/2024\/03\/SG_EUMap-1536x1195.png 1536w, https:\/\/singmargroup.com\/wp-content\/uploads\/2024\/03\/SG_EUMap-2048x1593.png 2048w, https:\/\/singmargroup.com\/wp-content\/uploads\/2024\/03\/SG_EUMap-15x12.png 15w\" sizes=\"(max-width: 1024px) 100vw, 1024px\" \/>\t\t\t\t\t\t\t\t\t\t\t\t\t\t\t<\/div>\n\t\t\t\t<\/div>\n\t\t\t\t<\/div>\n\t\t<div class=\"elementor-element elementor-element-7b629a5 e-con-full e-flex elementor-invisible e-con e-child\" data-id=\"7b629a5\" data-element_type=\"container\" data-e-type=\"container\" data-settings=\"{&quot;animation&quot;:&quot;fadeIn&quot;}\">\n\t\t\t\t<div class=\"elementor-element elementor-element-90dbbf1 elementor-widget elementor-widget-text-editor\" data-id=\"90dbbf1\" data-element_type=\"widget\" data-e-type=\"widget\" data-widget_type=\"text-editor.default\">\n\t\t\t\t<div class=\"elementor-widget-container\">\n\t\t\t\t\t\t\t\t\t<p>Suisse, Espagne, Portugal, France, Belgique, Royaume-Uni, Irlande, Italie, Malte, Allemagne, Autriche, Danemark, Su\u00e8de, Slovaquie, R\u00e9publique Tch\u00e8que, Lituanie, Lettonie, Estonie, Slov\u00e9nie, Bulgarie, Gr\u00e8ce, Chypre<\/p>\t\t\t\t\t\t\t\t<\/div>\n\t\t\t\t<\/div>\n\t\t\t\t<\/div>\n\t\t<div class=\"elementor-element elementor-element-98fd5e8 e-con-full e-flex elementor-invisible e-con e-child\" data-id=\"98fd5e8\" data-element_type=\"container\" data-e-type=\"container\" data-settings=\"{&quot;animation&quot;:&quot;fadeIn&quot;}\">\n\t\t\t\t<div class=\"elementor-element elementor-element-b06d0a7 elementor-widget elementor-widget-text-editor\" data-id=\"b06d0a7\" data-element_type=\"widget\" data-e-type=\"widget\" data-widget_type=\"text-editor.default\">\n\t\t\t\t<div class=\"elementor-widget-container\">\n\t\t\t\t\t\t\t\t\t<p>Turquie, Arm\u00e9nie, Jordanie, Irak, Arabie Saoudite, Qatar, \u00c9mirats Arabes Unis, Bahre\u00efn, Oman, Chine, Tha\u00eflande, Malaisie, Singapour, Indon\u00e9sie, Hong Kong, Philippines, Australie<\/p>\t\t\t\t\t\t\t\t<\/div>\n\t\t\t\t<\/div>\n\t\t\t\t<\/div>\n\t\t<div class=\"elementor-element elementor-element-8e9a916 e-con-full e-flex elementor-invisible e-con e-child\" data-id=\"8e9a916\" data-element_type=\"container\" data-e-type=\"container\" data-settings=\"{&quot;animation&quot;:&quot;fadeIn&quot;}\">\n\t\t\t\t<div class=\"elementor-element elementor-element-c991f14 elementor-widget elementor-widget-image\" data-id=\"c991f14\" data-element_type=\"widget\" data-e-type=\"widget\" data-widget_type=\"image.default\">\n\t\t\t\t<div class=\"elementor-widget-container\">\n\t\t\t\t\t\t\t\t\t\t\t\t\t\t\t<img decoding=\"async\" width=\"1024\" height=\"852\" src=\"https:\/\/singmargroup.com\/wp-content\/uploads\/2024\/03\/SG_AsiaMap-1024x852.png\" class=\"elementor-animation-grow attachment-large size-large wp-image-5126\" alt=\"\" srcset=\"https:\/\/singmargroup.com\/wp-content\/uploads\/2024\/03\/SG_AsiaMap-1024x852.png 1024w, https:\/\/singmargroup.com\/wp-content\/uploads\/2024\/03\/SG_AsiaMap-300x250.png 300w, https:\/\/singmargroup.com\/wp-content\/uploads\/2024\/03\/SG_AsiaMap-768x639.png 768w, https:\/\/singmargroup.com\/wp-content\/uploads\/2024\/03\/SG_AsiaMap-1536x1278.png 1536w, https:\/\/singmargroup.com\/wp-content\/uploads\/2024\/03\/SG_AsiaMap-2048x1703.png 2048w, https:\/\/singmargroup.com\/wp-content\/uploads\/2024\/03\/SG_AsiaMap-14x12.png 14w\" sizes=\"(max-width: 1024px) 100vw, 1024px\" \/>\t\t\t\t\t\t\t\t\t\t\t\t\t\t\t<\/div>\n\t\t\t\t<\/div>\n\t\t\t\t<\/div>\n\t\t\t\t\t<\/div>\n\t\t\t\t<\/div>\n\t\t\t\t<\/div>\n\t\t\t\t\t<\/div>\n\t\t\t\t<\/div>\n\t\t<div class=\"elementor-element elementor-element-bbb3c20 e-flex e-con-boxed e-con e-parent\" data-id=\"bbb3c20\" data-element_type=\"container\" data-e-type=\"container\" data-settings=\"{&quot;background_background&quot;:&quot;classic&quot;}\">\n\t\t\t\t\t<div class=\"e-con-inner\">\n\t\t<div class=\"elementor-element elementor-element-3291d09 e-con-full e-flex e-con e-child\" data-id=\"3291d09\" data-element_type=\"container\" data-e-type=\"container\">\n\t\t\t\t<div class=\"elementor-element elementor-element-223e2c1 elementor-invisible elementor-widget elementor-widget-heading\" data-id=\"223e2c1\" data-element_type=\"widget\" data-e-type=\"widget\" data-settings=\"{&quot;_animation&quot;:&quot;fadeIn&quot;}\" data-widget_type=\"heading.default\">\n\t\t\t\t<div class=\"elementor-widget-container\">\n\t\t\t\t\t<h2 class=\"elementor-heading-title elementor-size-default\">Parrainage<\/h2>\t\t\t\t<\/div>\n\t\t\t\t<\/div>\n\t\t\t\t<div class=\"elementor-element elementor-element-28cb69d elementor-widget-divider--view-line elementor-widget elementor-widget-divider\" data-id=\"28cb69d\" data-element_type=\"widget\" data-e-type=\"widget\" data-widget_type=\"divider.default\">\n\t\t\t\t<div class=\"elementor-widget-container\">\n\t\t\t\t\t\t\t<div class=\"elementor-divider\">\n\t\t\t<span class=\"elementor-divider-separator\">\n\t\t\t\t\t\t<\/span>\n\t\t<\/div>\n\t\t\t\t\t\t<\/div>\n\t\t\t\t<\/div>\n\t\t\t\t<div class=\"elementor-element elementor-element-8d35d2b elementor-invisible elementor-widget elementor-widget-text-editor\" data-id=\"8d35d2b\" data-element_type=\"widget\" data-e-type=\"widget\" data-settings=\"{&quot;_animation&quot;:&quot;fadeIn&quot;}\" data-widget_type=\"text-editor.default\">\n\t\t\t\t<div class=\"elementor-widget-container\">\n\t\t\t\t\t\t\t\t\t<p>Acc\u00e9l\u00e9rant vers le succ\u00e8s avec passion et pr\u00e9cision, nous sommes fiers de Shannon Lugassy (@shannon_lugassy), une pilote de course qui incarne nos valeurs d'excellence, d'innovation et de poursuite incessante des objectifs. Ensemble, nous courons vers de nouveaux horizons, laissant dans notre sillage une tra\u00een\u00e9e d'excitation et de r\u00e9ussite.\u00a0<\/p>\t\t\t\t\t\t\t\t<\/div>\n\t\t\t\t<\/div>\n\t\t\t\t<\/div>\n\t\t\t\t\t<\/div>\n\t\t\t\t<\/div>\n\t\t<div class=\"elementor-element elementor-element-b7aa2d8 e-flex e-con-boxed e-con e-parent\" data-id=\"b7aa2d8\" data-element_type=\"container\" data-e-type=\"container\" data-settings=\"{&quot;background_background&quot;:&quot;classic&quot;}\">\n\t\t\t\t\t<div class=\"e-con-inner\">\n\t\t<div class=\"elementor-element elementor-element-dbfaa4e e-flex e-con-boxed e-con e-child\" data-id=\"dbfaa4e\" data-element_type=\"container\" data-e-type=\"container\">\n\t\t\t\t\t<div class=\"e-con-inner\">\n\t\t\t\t<div class=\"elementor-element elementor-element-269424b elementor-widget elementor-widget-image\" data-id=\"269424b\" data-element_type=\"widget\" data-e-type=\"widget\" data-widget_type=\"image.default\">\n\t\t\t\t<div class=\"elementor-widget-container\">\n\t\t\t\t\t\t\t\t\t\t\t\t\t\t\t<img decoding=\"async\" width=\"1024\" height=\"626\" src=\"https:\/\/singmargroup.com\/wp-content\/uploads\/2024\/03\/SG_Sponsor_1-e1710162426743.jpg\" class=\"attachment-large size-large wp-image-4853\" alt=\"\" srcset=\"https:\/\/singmargroup.com\/wp-content\/uploads\/2024\/03\/SG_Sponsor_1-e1710162426743.jpg 1024w, https:\/\/singmargroup.com\/wp-content\/uploads\/2024\/03\/SG_Sponsor_1-e1710162426743-300x183.jpg 300w, https:\/\/singmargroup.com\/wp-content\/uploads\/2024\/03\/SG_Sponsor_1-e1710162426743-768x470.jpg 768w\" sizes=\"(max-width: 1024px) 100vw, 1024px\" \/>\t\t\t\t\t\t\t\t\t\t\t\t\t\t\t<\/div>\n\t\t\t\t<\/div>\n\t\t\t\t\t<\/div>\n\t\t\t\t<\/div>\n\t\t\t\t\t<\/div>\n\t\t\t\t<\/div>\n\t\t<div class=\"elementor-element elementor-element-eaa1ecb e-flex e-con-boxed e-con e-parent\" data-id=\"eaa1ecb\" data-element_type=\"container\" data-e-type=\"container\" data-settings=\"{&quot;background_background&quot;:&quot;classic&quot;}\">\n\t\t\t\t\t<div class=\"e-con-inner\">\n\t\t<div class=\"elementor-element elementor-element-4adbf69 e-con-full e-flex e-con e-child\" data-id=\"4adbf69\" data-element_type=\"container\" data-e-type=\"container\">\n\t\t\t\t<div class=\"elementor-element elementor-element-7b565c7 elementor-widget elementor-widget-video\" data-id=\"7b565c7\" data-element_type=\"widget\" data-e-type=\"widget\" data-settings=\"{&quot;video_type&quot;:&quot;hosted&quot;,&quot;autoplay&quot;:&quot;yes&quot;,&quot;loop&quot;:&quot;yes&quot;,&quot;play_on_mobile&quot;:&quot;yes&quot;}\" data-widget_type=\"video.default\">\n\t\t\t\t<div class=\"elementor-widget-container\">\n\t\t\t\t\t\t\t<div class=\"e-hosted-video elementor-wrapper elementor-open-inline\">\n\t\t\t\t\t<video class=\"elementor-video\" src=\"https:\/\/singmargroup.com\/wp-content\/uploads\/2024\/03\/SG_Sponsor_5.mov\" autoplay=\"\" loop=\"\" playsinline=\"\" controlslist=\"nodownload\"><\/video>\n\t\t\t\t<\/div>\n\t\t\t\t\t\t<\/div>\n\t\t\t\t<\/div>\n\t\t\t\t<\/div>\n\t\t<div class=\"elementor-element elementor-element-f102c8a e-con-full e-flex e-con e-child\" data-id=\"f102c8a\" data-element_type=\"container\" data-e-type=\"container\">\n\t\t\t\t<div class=\"elementor-element elementor-element-20987d0 elementor-widget__width-initial elementor-widget elementor-widget-image\" data-id=\"20987d0\" data-element_type=\"widget\" data-e-type=\"widget\" data-widget_type=\"image.default\">\n\t\t\t\t<div class=\"elementor-widget-container\">\n\t\t\t\t\t\t\t\t\t\t\t\t\t\t\t<img loading=\"lazy\" decoding=\"async\" width=\"640\" height=\"707\" src=\"https:\/\/singmargroup.com\/wp-content\/uploads\/2024\/02\/SG_Sponsor_2-e1710414537914.png\" class=\"attachment-1536x1536 size-1536x1536 wp-image-2479\" alt=\"\" srcset=\"https:\/\/singmargroup.com\/wp-content\/uploads\/2024\/02\/SG_Sponsor_2-e1710414537914.png 640w, https:\/\/singmargroup.com\/wp-content\/uploads\/2024\/02\/SG_Sponsor_2-e1710414537914-272x300.png 272w, https:\/\/singmargroup.com\/wp-content\/uploads\/2024\/02\/SG_Sponsor_2-e1710414537914-11x12.png 11w\" sizes=\"(max-width: 640px) 100vw, 640px\" \/>\t\t\t\t\t\t\t\t\t\t\t\t\t\t\t<\/div>\n\t\t\t\t<\/div>\n\t\t\t\t<\/div>\n\t\t\t\t\t<\/div>\n\t\t\t\t<\/div>\n\t\t\t\t<\/div>","protected":false},"excerpt":{"rendered":"<p>Partnerships propel tomorrow&#8217;s opportunities Our Partners A collaborative network fuels our success. We&#8217;re proud to partner with industry leaders, innovators, [&hellip;]<\/p>\n","protected":false},"author":1,"featured_media":0,"parent":0,"menu_order":0,"comment_status":"closed","ping_status":"closed","template":"","meta":{"_monsterinsights_skip_tracking":false,"_monsterinsights_sitenote_active":false,"_monsterinsights_sitenote_note":"","_monsterinsights_sitenote_category":0,"site-sidebar-layout":"no-sidebar","site-content-layout":"page-builder","ast-site-content-layout":"","site-content-style":"default","site-sidebar-style":"default","ast-global-header-display":"","ast-banner-title-visibility":"","ast-main-header-display":"","ast-hfb-above-header-display":"","ast-hfb-below-header-display":"","ast-hfb-mobile-header-display":"","site-post-title":"disabled","ast-breadcrumbs-content":"","ast-featured-img":"disabled","footer-sml-layout":"","theme-transparent-header-meta":"enabled","adv-header-id-meta":"","stick-header-meta":"","header-above-stick-meta":"","header-main-stick-meta":"","header-below-stick-meta":"","astra-migrate-meta-layouts":"default","ast-page-background-enabled":"default","ast-page-background-meta":{"desktop":{"background-color":"","background-image":"","background-repeat":"repeat","background-position":"center center","background-size":"auto","background-attachment":"scroll","background-type":"","background-media":"","overlay-type":"","overlay-color":"","overlay-opacity":"","overlay-gradient":""},"tablet":{"background-color":"","background-image":"","background-repeat":"repeat","background-position":"center center","background-size":"auto","background-attachment":"scroll","background-type":"","background-media":"","overlay-type":"","overlay-color":"","overlay-opacity":"","overlay-gradient":""},"mobile":{"background-color":"","background-image":"","background-repeat":"repeat","background-position":"center center","background-size":"auto","background-attachment":"scroll","background-type":"","background-media":"","overlay-type":"","overlay-color":"","overlay-opacity":"","overlay-gradient":""}},"ast-content-background-meta":{"desktop":{"background-color":"var(--ast-global-color-5)","background-image":"","background-repeat":"repeat","background-position":"center center","background-size":"auto","background-attachment":"scroll","background-type":"","background-media":"","overlay-type":"","overlay-color":"","overlay-opacity":"","overlay-gradient":""},"tablet":{"background-color":"var(--ast-global-color-5)","background-image":"","background-repeat":"repeat","background-position":"center center","background-size":"auto","background-attachment":"scroll","background-type":"","background-media":"","overlay-type":"","overlay-color":"","overlay-opacity":"","overlay-gradient":""},"mobile":{"background-color":"var(--ast-global-color-5)","background-image":"","background-repeat":"repeat","background-position":"center center","background-size":"auto","background-attachment":"scroll","background-type":"","background-media":"","overlay-type":"","overlay-color":"","overlay-opacity":"","overlay-gradient":""}},"footnotes":""},"class_list":["post-4956","page","type-page","status-publish","hentry"],"_links":{"self":[{"href":"https:\/\/singmargroup.com\/fr\/wp-json\/wp\/v2\/pages\/4956","targetHints":{"allow":["GET"]}}],"collection":[{"href":"https:\/\/singmargroup.com\/fr\/wp-json\/wp\/v2\/pages"}],"about":[{"href":"https:\/\/singmargroup.com\/fr\/wp-json\/wp\/v2\/types\/page"}],"author":[{"embeddable":true,"href":"https:\/\/singmargroup.com\/fr\/wp-json\/wp\/v2\/users\/1"}],"replies":[{"embeddable":true,"href":"https:\/\/singmargroup.com\/fr\/wp-json\/wp\/v2\/comments?post=4956"}],"version-history":[{"count":152,"href":"https:\/\/singmargroup.com\/fr\/wp-json\/wp\/v2\/pages\/4956\/revisions"}],"predecessor-version":[{"id":5658,"href":"https:\/\/singmargroup.com\/fr\/wp-json\/wp\/v2\/pages\/4956\/revisions\/5658"}],"wp:attachment":[{"href":"https:\/\/singmargroup.com\/fr\/wp-json\/wp\/v2\/media?parent=4956"}],"curies":[{"name":"wp","href":"https:\/\/api.w.org\/{rel}","templated":true}]}}