{"id":2947,"date":"2024-02-29T12:07:19","date_gmt":"2024-02-29T12:07:19","guid":{"rendered":"https:\/\/singmargroup.com\/?page_id=2947"},"modified":"2024-04-03T15:45:58","modified_gmt":"2024-04-03T15:45:58","slug":"privacy_policy","status":"publish","type":"page","link":"https:\/\/singmargroup.com\/fr\/privacy_policy\/","title":{"rendered":"Politique de Confidentialit\u00e9"},"content":{"rendered":"<div data-elementor-type=\"wp-post\" data-elementor-id=\"2947\" class=\"elementor elementor-2947\">\n\t\t\t\t<div class=\"elementor-element elementor-element-0c3076c e-flex e-con-boxed e-con e-parent\" data-id=\"0c3076c\" data-element_type=\"container\" data-e-type=\"container\" data-settings=\"{&quot;background_background&quot;:&quot;classic&quot;}\">\n\t\t\t\t\t<div class=\"e-con-inner\">\n\t\t\t\t\t<\/div>\n\t\t\t\t<\/div>\n\t\t<div class=\"elementor-element elementor-element-c1b876d e-flex e-con-boxed e-con e-parent\" data-id=\"c1b876d\" data-element_type=\"container\" data-e-type=\"container\" data-settings=\"{&quot;background_background&quot;:&quot;classic&quot;}\">\n\t\t\t\t\t<div class=\"e-con-inner\">\n\t\t<div class=\"elementor-element elementor-element-f833e26 e-con-full e-flex e-con e-child\" data-id=\"f833e26\" data-element_type=\"container\" data-e-type=\"container\">\n\t\t\t\t<div class=\"elementor-element elementor-element-716fc2c elementor-widget elementor-widget-heading\" data-id=\"716fc2c\" data-element_type=\"widget\" data-e-type=\"widget\" data-widget_type=\"heading.default\">\n\t\t\t\t<div class=\"elementor-widget-container\">\n\t\t\t\t\t<h2 class=\"elementor-heading-title elementor-size-default\">Politique de Confidentialit\u00e9<\/h2>\t\t\t\t<\/div>\n\t\t\t\t<\/div>\n\t\t\t\t<div class=\"elementor-element elementor-element-f62280f elementor-widget elementor-widget-text-editor\" data-id=\"f62280f\" data-element_type=\"widget\" data-e-type=\"widget\" data-widget_type=\"text-editor.default\">\n\t\t\t\t<div class=\"elementor-widget-container\">\n\t\t\t\t\t\t\t\t\t<div><div><div><div><div data-id=\"017ef5f\" data-element_type=\"widget\" data-widget_type=\"heading.default\"><div><h4>Engagement de Confidentialit\u00e9<\/h4><\/div><\/div><div data-id=\"e562662\" data-element_type=\"widget\" data-widget_type=\"text-editor.default\"><div><p>Dans le cadre des pratiques d'entreprise de Singmar Group SA (\"Singmar\"), la confidentialit\u00e9 des informations personnelles est primordiale. Nous maintenons des normes \u00e9lev\u00e9es pour prot\u00e9ger les informations personnelles et resterons vigilants dans la protection de ces informations et dans leur utilisation de mani\u00e8re \u00e9quitable et l\u00e9gale. Cette politique de confidentialit\u00e9 en ligne s'applique aux informations personnelles que nous recueillons vous concernant via ce site Web (ce \"Site\") \u00e0 partir de la date d'entr\u00e9e en vigueur indiqu\u00e9e ci-dessus.<\/p><\/div><\/div><div data-id=\"ab2705a\" data-element_type=\"widget\" data-widget_type=\"heading.default\"><div><h4>Collecte d'informations et utilisation<\/h4><\/div><\/div><div data-id=\"71f25f2\" data-element_type=\"widget\" data-widget_type=\"text-editor.default\"><div><p>Lorsque vous vous inscrivez sur ce site ou achetez des produits, ce site collectera des informations personnelles que vous fournissez volontairement, telles que votre nom, pr\u00e9nom, adresse, num\u00e9ros de t\u00e9l\u00e9phone ou adresse e-mail. Ce site peut \u00e9galement collecter des informations sur le pays \u00e0 partir duquel vous acc\u00e9dez \u00e0 ce site et vos pr\u00e9f\u00e9rences, telles que la s\u00e9lection de la langue ; des informations sur les pages que vous visitez sur ce site ; et certaines informations techniques concernant votre ordinateur et vos syst\u00e8mes d'exploitation, telles que votre adresse IP, votre nom de domaine et les configurations et param\u00e8tres syst\u00e8me. Nous utilisons ces informations pour vous fournir les meilleurs conseils et le meilleur service de qualit\u00e9, ainsi que des offres que nous estimons pertinentes pour vous.<\/p><p>De plus, si vous soumettez votre mot de passe et que vous entrez, ce site reconna\u00eetra qui vous \u00eates et collectera toutes les informations que vous soumettez, y compris toutes les instructions \u00e9lectroniques (y compris toutes les informations de transaction), et (b) toutes les informations vous concernant collect\u00e9es \u00e0 partir de ce site peuvent \u00eatre associ\u00e9es \u00e0 d'autres informations d'identification que nous avons sur vous. Nous pouvons \u00e9galement vous contacter concernant un probl\u00e8me de site Web ou d'autres probl\u00e8mes li\u00e9s au service client.<\/p><\/div><\/div><div data-id=\"45029ad\" data-element_type=\"widget\" data-widget_type=\"heading.default\"><div><h4>Divulgation des informations collect\u00e9es<\/h4><\/div><\/div><div data-id=\"45c3eb9\" data-element_type=\"widget\" data-widget_type=\"text-editor.default\"><div><p>Singmar ne partage pas les informations personnelles collect\u00e9es de vous ou \u00e0 votre sujet via ce site avec des entit\u00e9s non associ\u00e9es \u00e0 Singmar.<\/p><\/div><\/div><div data-id=\"6aaeeaf\" data-element_type=\"widget\" data-widget_type=\"heading.default\"><div><h4>Comment se d\u00e9sabonner<\/h4><\/div><\/div><div data-id=\"4c4814b\" data-element_type=\"widget\" data-widget_type=\"text-editor.default\"><div><p>Si vous ne souhaitez plus recevoir de communications par e-mail de Singmar, vous pouvez vous d\u00e9sabonner en cliquant sur le bouton \"Se d\u00e9sabonner\" en bas de chaque e-mail envoy\u00e9 par Singmar.<\/p><\/div><\/div><div data-id=\"5ef37f9\" data-element_type=\"widget\" data-widget_type=\"heading.default\"><div><h4>Inscription<\/h4><\/div><\/div><div data-id=\"6ddfa8b\" data-element_type=\"widget\" data-widget_type=\"text-editor.default\"><div><p>Pour utiliser certaines fonctionnalit\u00e9s de ce site Web, vous pourriez \u00eatre invit\u00e9 \u00e0 remplir un formulaire d'inscription. Lors de l'inscription, vous devez fournir des informations de contact qui sont utilis\u00e9es pour d\u00e9terminer si vous \u00eates un abonn\u00e9 ou un employ\u00e9 autoris\u00e9 d'un abonn\u00e9.<\/p><\/div><\/div><div data-id=\"2b8c177\" data-element_type=\"widget\" data-widget_type=\"heading.default\"><div><h4>Achats et Ex\u00e9cution<\/h4><\/div><\/div><div data-id=\"cb6e4e0\" data-element_type=\"widget\" data-widget_type=\"text-editor.default\"><div><p>Lorsque vous passez une commande ou vous inscrivez pour un rapport Singmar, nous pouvons demander des informations suppl\u00e9mentaires telles que le num\u00e9ro de carte de cr\u00e9dit et la date d'expiration. Ces informations sont utilis\u00e9es \u00e0 des fins de confirmation et de facturation. Les informations de contact que vous fournissez sont utilis\u00e9es pour traiter la commande. Singmar utilise des prestataires de services tiers tels que des soci\u00e9t\u00e9s de traitement des cartes de cr\u00e9dit, des soci\u00e9t\u00e9s de livraison, des maisons d'exp\u00e9dition et des coordinateurs d'\u00e9v\u00e9nements ainsi que d'autres prestataires de services selon les besoins pour satisfaire les demandes des clients. Singmar ne stocke pas les informations de carte de cr\u00e9dit de mani\u00e8re \u00e0 ce que nous puissions acc\u00e9der aux informations.<\/p><\/div><\/div><div data-id=\"0b50f4a\" data-element_type=\"widget\" data-widget_type=\"heading.default\"><div><h4>Suivi de l'utilisation<\/h4><\/div><\/div><div data-id=\"27fb8bf\" data-element_type=\"widget\" data-widget_type=\"text-editor.default\"><div><p><span style=\"text-align: var(--text-align); color: var(--ast-global-color-4); font-size: 1rem;\">Singmar<\/span>\u00a0surveille votre utilisation de nos sites Web, y compris les termes de recherche que vous saisissez, les pages visit\u00e9es et les documents consult\u00e9s. Si vous \u00eates un utilisateur inscrit, ces informations sont stock\u00e9es avec vos informations d'inscription. Elles sont identifiables par un num\u00e9ro unique et sont utilis\u00e9es uniquement dans le but de vous fournir une exp\u00e9rience personnalis\u00e9e sur le site Web. Des formes agr\u00e9g\u00e9es de ces donn\u00e9es (non identifiables personnellement) peuvent \u00e9galement \u00eatre utilis\u00e9es afin de nous aider \u00e0 comprendre les domaines pour de futures recherches et \u00e0 identifier les fonctionnalit\u00e9s futures \u00e0 d\u00e9velopper pour les sites Web.<\/p><\/div><\/div><div data-id=\"524a2d5\" data-element_type=\"widget\" data-widget_type=\"heading.default\"><div><h4>L'utilisation de cookies<\/h4><\/div><\/div><div data-id=\"24702e5\" data-element_type=\"widget\" data-widget_type=\"text-editor.default\"><div><p>Un \"cookie\" est un petit fichier texte plac\u00e9 sur le disque dur de votre ordinateur par un serveur Web et reconnu par votre navigateur Web. Sur ce site, nous pouvons utiliser des \"cookies\" ou d'autres technologies pour recueillir des informations sur l'utilisation du site afin de nous aider \u00e0 am\u00e9liorer le contenu, la convivialit\u00e9 et la fonctionnalit\u00e9 de ce site, et pour se souvenir de certaines caract\u00e9ristiques de l'utilisateur (telles que le pays \u00e0 partir duquel vous acc\u00e9dez \u00e0 ce site et votre s\u00e9lection de langue). \u00c0 chaque fois que vous d\u00e9marrez une session sur ce site Web, un cookie est d\u00e9fini pour vous identifier et d\u00e9terminer vos privil\u00e8ges d'acc\u00e8s. Les cookies ne stockent aucune des informations que vous avez fournies au site. Cela nous aide \u00e0 mieux adapter ce site aux utilisateurs et \u00e0 mieux comprendre le nombre de nouveaux utilisateurs et d'utilisateurs r\u00e9guliers visitant ce site, quelles fonctionnalit\u00e9s ou pages sont les plus populaires, et les mod\u00e8les de navigation et d'utilisation des utilisateurs.<\/p><p>De plus, si ce site est un site prot\u00e9g\u00e9 par mot de passe, alors ce site peut utiliser des cookies ou d'autres technologies pour nous aider \u00e0 vous authentifier, stocker et reconna\u00eetre votre configuration et vos attributs d'utilisateur, faciliter votre navigation et vos droits sur le site, et personnaliser son contenu afin que les informations mises \u00e0 disposition soient plus susceptibles de vous int\u00e9resser.<\/p><p>Vous pouvez configurer les param\u00e8tres sur votre ordinateur pour choisir d'accepter les cookies ou pour que votre navigateur vous avertisse \u00e0 chaque fois qu'un cookie est propos\u00e9. Vous pouvez \u00e9galement g\u00e9n\u00e9ralement supprimer les cookies de votre disque dur. Cependant, vous devez savoir que les cookies peuvent \u00eatre n\u00e9cessaires pour vous fournir l'acc\u00e8s \u00e0 une grande partie du contenu et \u00e0 de nombreuses fonctionnalit\u00e9s de ce site Web. Nous utilisons la technologie des cookies pour permettre aux utilisateurs enregistr\u00e9s de se d\u00e9placer rapidement et en toute s\u00e9curit\u00e9 dans les zones contr\u00f4l\u00e9es d'acc\u00e8s des sites. La technologie des cookies permet \u00e9galement aux utilisateurs enregistr\u00e9s de b\u00e9n\u00e9ficier de certaines fonctionnalit\u00e9s utiles sur les sites, notamment \"m\u00e9moriser mon mot de passe\". Des instructions sur la mani\u00e8re d'accepter les cookies, sur la mani\u00e8re d'\u00eatre averti qu'un cookie est propos\u00e9 et sur la mani\u00e8re de supprimer les cookies sont disponibles via votre navigateur Internet.<\/p><\/div><\/div><div data-id=\"5a7f95c\" data-element_type=\"widget\" data-widget_type=\"heading.default\"><div><h4>Liens vers d'autres sites<\/h4><\/div><\/div><div data-id=\"27d41a5\" data-element_type=\"widget\" data-widget_type=\"text-editor.default\"><div><p>Ce site Web de Singmar contient des liens vers d'autres sites Web. Veuillez noter que Singmar n'est pas responsable du contenu ou des pratiques de confidentialit\u00e9 de ces autres sites. Nous encourageons nos utilisateurs \u00e0 \u00eatre conscients lorsqu'ils quittent nos sites et \u00e0 lire les d\u00e9clarations de confidentialit\u00e9 de chaque site Web qui collecte des informations personnellement identifiables. Cette d\u00e9claration de confidentialit\u00e9 s'applique uniquement aux informations collect\u00e9es par Singmar sur ce site Web.<\/p><\/div><\/div><div data-id=\"5211591\" data-element_type=\"widget\" data-widget_type=\"heading.default\"><div><h4>Notification des Changements de Politique<\/h4><\/div><\/div><div data-id=\"56de67d\" data-element_type=\"widget\" data-widget_type=\"text-editor.default\"><div><p><span style=\"text-align: var(--text-align); color: var(--ast-global-color-4); font-size: 1rem;\">Singmar<\/span>\u00a0Singmar se r\u00e9serve le droit de modifier ou de mettre \u00e0 jour cette politique de temps \u00e0 autre. Nous vous encourageons \u00e0 consulter cette d\u00e9claration chaque fois que vous visitez ce site afin d'obtenir la politique la plus r\u00e9cente.<\/p><\/div><\/div><\/div><\/div><\/div><\/div>\t\t\t\t\t\t\t\t<\/div>\n\t\t\t\t<\/div>\n\t\t\t\t<\/div>\n\t\t\t\t\t<\/div>\n\t\t\t\t<\/div>\n\t\t\t\t<\/div>","protected":false},"excerpt":{"rendered":"<p>Privacy Policy Commitment to Privacy As part of Singmar Group SA (\u201cSingmar\u201d) corporate practice, the confidentiality of personal information is [&hellip;]<\/p>\n","protected":false},"author":1,"featured_media":0,"parent":0,"menu_order":0,"comment_status":"closed","ping_status":"closed","template":"","meta":{"_monsterinsights_skip_tracking":false,"_monsterinsights_sitenote_active":false,"_monsterinsights_sitenote_note":"","_monsterinsights_sitenote_category":0,"site-sidebar-layout":"no-sidebar","site-content-layout":"page-builder","ast-site-content-layout":"","site-content-style":"default","site-sidebar-style":"default","ast-global-header-display":"","ast-banner-title-visibility":"","ast-main-header-display":"","ast-hfb-above-header-display":"","ast-hfb-below-header-display":"","ast-hfb-mobile-header-display":"","site-post-title":"disabled","ast-breadcrumbs-content":"","ast-featured-img":"disabled","footer-sml-layout":"","theme-transparent-header-meta":"enabled","adv-header-id-meta":"","stick-header-meta":"","header-above-stick-meta":"","header-main-stick-meta":"","header-below-stick-meta":"","astra-migrate-meta-layouts":"default","ast-page-background-enabled":"default","ast-page-background-meta":{"desktop":{"background-color":"","background-image":"","background-repeat":"repeat","background-position":"center center","background-size":"auto","background-attachment":"scroll","background-type":"","background-media":"","overlay-type":"","overlay-color":"","overlay-opacity":"","overlay-gradient":""},"tablet":{"background-color":"","background-image":"","background-repeat":"repeat","background-position":"center center","background-size":"auto","background-attachment":"scroll","background-type":"","background-media":"","overlay-type":"","overlay-color":"","overlay-opacity":"","overlay-gradient":""},"mobile":{"background-color":"","background-image":"","background-repeat":"repeat","background-position":"center center","background-size":"auto","background-attachment":"scroll","background-type":"","background-media":"","overlay-type":"","overlay-color":"","overlay-opacity":"","overlay-gradient":""}},"ast-content-background-meta":{"desktop":{"background-color":"var(--ast-global-color-5)","background-image":"","background-repeat":"repeat","background-position":"center center","background-size":"auto","background-attachment":"scroll","background-type":"","background-media":"","overlay-type":"","overlay-color":"","overlay-opacity":"","overlay-gradient":""},"tablet":{"background-color":"var(--ast-global-color-5)","background-image":"","background-repeat":"repeat","background-position":"center center","background-size":"auto","background-attachment":"scroll","background-type":"","background-media":"","overlay-type":"","overlay-color":"","overlay-opacity":"","overlay-gradient":""},"mobile":{"background-color":"var(--ast-global-color-5)","background-image":"","background-repeat":"repeat","background-position":"center center","background-size":"auto","background-attachment":"scroll","background-type":"","background-media":"","overlay-type":"","overlay-color":"","overlay-opacity":"","overlay-gradient":""}},"footnotes":""},"class_list":["post-2947","page","type-page","status-publish","hentry"],"_links":{"self":[{"href":"https:\/\/singmargroup.com\/fr\/wp-json\/wp\/v2\/pages\/2947","targetHints":{"allow":["GET"]}}],"collection":[{"href":"https:\/\/singmargroup.com\/fr\/wp-json\/wp\/v2\/pages"}],"about":[{"href":"https:\/\/singmargroup.com\/fr\/wp-json\/wp\/v2\/types\/page"}],"author":[{"embeddable":true,"href":"https:\/\/singmargroup.com\/fr\/wp-json\/wp\/v2\/users\/1"}],"replies":[{"embeddable":true,"href":"https:\/\/singmargroup.com\/fr\/wp-json\/wp\/v2\/comments?post=2947"}],"version-history":[{"count":34,"href":"https:\/\/singmargroup.com\/fr\/wp-json\/wp\/v2\/pages\/2947\/revisions"}],"predecessor-version":[{"id":5438,"href":"https:\/\/singmargroup.com\/fr\/wp-json\/wp\/v2\/pages\/2947\/revisions\/5438"}],"wp:attachment":[{"href":"https:\/\/singmargroup.com\/fr\/wp-json\/wp\/v2\/media?parent=2947"}],"curies":[{"name":"wp","href":"https:\/\/api.w.org\/{rel}","templated":true}]}}