{"id":2466,"date":"2024-02-24T11:40:57","date_gmt":"2024-02-24T11:40:57","guid":{"rendered":"https:\/\/singmargroup.com\/?page_id=2466"},"modified":"2024-11-20T15:25:54","modified_gmt":"2024-11-20T15:25:54","slug":"publications","status":"publish","type":"page","link":"https:\/\/singmargroup.com\/fr\/publications\/","title":{"rendered":"Publications"},"content":{"rendered":"<div data-elementor-type=\"wp-post\" data-elementor-id=\"2466\" class=\"elementor elementor-2466\">\n\t\t\t\t<div class=\"elementor-element elementor-element-6496181 e-flex e-con-boxed e-con e-parent\" data-id=\"6496181\" data-element_type=\"container\" data-e-type=\"container\" data-settings=\"{&quot;background_background&quot;:&quot;classic&quot;}\">\n\t\t\t\t\t<div class=\"e-con-inner\">\n\t\t<div class=\"elementor-element elementor-element-d4036e6 e-flex e-con-boxed e-con e-child\" data-id=\"d4036e6\" data-element_type=\"container\" data-e-type=\"container\">\n\t\t\t\t\t<div class=\"e-con-inner\">\n\t\t\t\t<div class=\"elementor-element elementor-element-c3caeda elementor-widget__width-initial elementor-invisible elementor-widget elementor-widget-text-editor\" data-id=\"c3caeda\" data-element_type=\"widget\" data-e-type=\"widget\" data-settings=\"{&quot;_animation&quot;:&quot;fadeIn&quot;}\" data-widget_type=\"text-editor.default\">\n\t\t\t\t<div class=\"elementor-widget-container\">\n\t\t\t\t\t\t\t\t\t<div><span lang=\"EN-US\">Des perspectives \u00e9clair\u00e9es pour guider les d\u00e9cisions immobili\u00e8res<\/span><\/div>\t\t\t\t\t\t\t\t<\/div>\n\t\t\t\t<\/div>\n\t\t\t\t\t<\/div>\n\t\t\t\t<\/div>\n\t\t\t\t\t<\/div>\n\t\t\t\t<\/div>\n\t\t<div class=\"elementor-element elementor-element-daf770b e-flex e-con-boxed e-con e-parent\" data-id=\"daf770b\" data-element_type=\"container\" data-e-type=\"container\" data-settings=\"{&quot;background_background&quot;:&quot;classic&quot;}\">\n\t\t\t\t\t<div class=\"e-con-inner\">\n\t\t<div class=\"elementor-element elementor-element-7175889 e-con-full e-flex e-con e-child\" data-id=\"7175889\" data-element_type=\"container\" data-e-type=\"container\" data-settings=\"{&quot;background_background&quot;:&quot;classic&quot;}\">\n\t\t\t\t<div class=\"elementor-element elementor-element-35d983b elementor-invisible elementor-widget elementor-widget-heading\" data-id=\"35d983b\" data-element_type=\"widget\" data-e-type=\"widget\" data-settings=\"{&quot;_animation&quot;:&quot;fadeIn&quot;}\" data-widget_type=\"heading.default\">\n\t\t\t\t<div class=\"elementor-widget-container\">\n\t\t\t\t\t<h2 class=\"elementor-heading-title elementor-size-default\">Derni\u00e8res Publications<\/h2>\t\t\t\t<\/div>\n\t\t\t\t<\/div>\n\t\t\t\t<div class=\"elementor-element elementor-element-fe81f69 elementor-widget-divider--view-line elementor-widget elementor-widget-divider\" data-id=\"fe81f69\" data-element_type=\"widget\" data-e-type=\"widget\" data-widget_type=\"divider.default\">\n\t\t\t\t<div class=\"elementor-widget-container\">\n\t\t\t\t\t\t\t<div class=\"elementor-divider\">\n\t\t\t<span class=\"elementor-divider-separator\">\n\t\t\t\t\t\t<\/span>\n\t\t<\/div>\n\t\t\t\t\t\t<\/div>\n\t\t\t\t<\/div>\n\t\t\t\t<div class=\"elementor-element elementor-element-e5e70ab elementor-invisible elementor-widget elementor-widget-text-editor\" data-id=\"e5e70ab\" data-element_type=\"widget\" data-e-type=\"widget\" data-settings=\"{&quot;_animation&quot;:&quot;fadeIn&quot;}\" data-widget_type=\"text-editor.default\">\n\t\t\t\t<div class=\"elementor-widget-container\">\n\t\t\t\t\t\t\t\t\t<p>Plongez dans notre collection soigneusement s\u00e9lectionn\u00e9e de rapports et d'articles informatifs, con\u00e7us pour \u00e9clairer et inspirer votre parcours dans le monde de l'immobilier.<\/p>\t\t\t\t\t\t\t\t<\/div>\n\t\t\t\t<\/div>\n\t\t<div class=\"elementor-element elementor-element-a925fd3 e-flex e-con-boxed e-con e-child\" data-id=\"a925fd3\" data-element_type=\"container\" data-e-type=\"container\">\n\t\t\t\t\t<div class=\"e-con-inner\">\n\t\t<div class=\"elementor-element elementor-element-ccf3dbb e-con-full e-flex elementor-invisible e-con e-child\" data-id=\"ccf3dbb\" data-element_type=\"container\" data-e-type=\"container\" data-settings=\"{&quot;background_background&quot;:&quot;classic&quot;,&quot;animation&quot;:&quot;fadeIn&quot;}\">\n\t\t\t\t<div class=\"elementor-element elementor-element-c27967e elementor-widget elementor-widget-image\" data-id=\"c27967e\" data-element_type=\"widget\" data-e-type=\"widget\" data-widget_type=\"image.default\">\n\t\t\t\t<div class=\"elementor-widget-container\">\n\t\t\t\t\t\t\t\t\t\t\t\t\t\t\t<img fetchpriority=\"high\" decoding=\"async\" width=\"2560\" height=\"1707\" src=\"https:\/\/singmargroup.com\/wp-content\/uploads\/2024\/03\/SG_Publications_4-scaled.jpg\" class=\"attachment-full size-full wp-image-5177\" alt=\"\" srcset=\"https:\/\/singmargroup.com\/wp-content\/uploads\/2024\/03\/SG_Publications_4-scaled.jpg 2560w, https:\/\/singmargroup.com\/wp-content\/uploads\/2024\/03\/SG_Publications_4-300x200.jpg 300w, https:\/\/singmargroup.com\/wp-content\/uploads\/2024\/03\/SG_Publications_4-1024x683.jpg 1024w, https:\/\/singmargroup.com\/wp-content\/uploads\/2024\/03\/SG_Publications_4-768x512.jpg 768w, https:\/\/singmargroup.com\/wp-content\/uploads\/2024\/03\/SG_Publications_4-1536x1024.jpg 1536w, https:\/\/singmargroup.com\/wp-content\/uploads\/2024\/03\/SG_Publications_4-2048x1365.jpg 2048w, https:\/\/singmargroup.com\/wp-content\/uploads\/2024\/03\/SG_Publications_4-18x12.jpg 18w\" sizes=\"(max-width: 2560px) 100vw, 2560px\" \/>\t\t\t\t\t\t\t\t\t\t\t\t\t\t\t<\/div>\n\t\t\t\t<\/div>\n\t\t\t\t<div class=\"elementor-element elementor-element-94796e7 elementor-widget elementor-widget-image-box\" data-id=\"94796e7\" data-element_type=\"widget\" data-e-type=\"widget\" data-widget_type=\"image-box.default\">\n\t\t\t\t<div class=\"elementor-widget-container\">\n\t\t\t\t\t<div class=\"elementor-image-box-wrapper\"><div class=\"elementor-image-box-content\"><h4 class=\"elementor-image-box-title\">Brochure de Singmar Group<\/h4><p class=\"elementor-image-box-description\">Explorez l'essence du Singmar Group SA dans notre brochure d'entreprise t\u00e9l\u00e9chargeable. Plongez dans notre vaste portefeuille de services immobiliers, d\u00e9couvrez notre pr\u00e9sence mondiale \u00e9tendue et apprenez-en davantage sur notre d\u00e9vouement in\u00e9branlable \u00e0 offrir l'excellence dans chaque entreprise.<\/p><\/div><\/div>\t\t\t\t<\/div>\n\t\t\t\t<\/div>\n\t\t\t\t<div class=\"elementor-element elementor-element-bafdfd0 elementor-widget elementor-widget-button\" data-id=\"bafdfd0\" data-element_type=\"widget\" data-e-type=\"widget\" data-widget_type=\"button.default\">\n\t\t\t\t<div class=\"elementor-widget-container\">\n\t\t\t\t\t\t\t\t\t<div class=\"elementor-button-wrapper\">\n\t\t\t\t\t<a class=\"elementor-button elementor-button-link elementor-size-sm\" href=\"https:\/\/singmargroup.com\/wp-content\/uploads\/2024\/04\/SG_CB.pdf\">\n\t\t\t\t\t\t<span class=\"elementor-button-content-wrapper\">\n\t\t\t\t\t\t<span class=\"elementor-button-icon\">\n\t\t\t\t\t\t\t<\/span>\n\t\t\t\t\t\t\t\t\t<span class=\"elementor-button-text\">En Savoir Plus<\/span>\n\t\t\t\t\t<\/span>\n\t\t\t\t\t<\/a>\n\t\t\t\t<\/div>\n\t\t\t\t\t\t\t\t<\/div>\n\t\t\t\t<\/div>\n\t\t\t\t<\/div>\n\t\t<div class=\"elementor-element elementor-element-1376fff e-con-full e-flex elementor-invisible e-con e-child\" data-id=\"1376fff\" data-element_type=\"container\" data-e-type=\"container\" data-settings=\"{&quot;background_background&quot;:&quot;classic&quot;,&quot;animation&quot;:&quot;fadeIn&quot;}\">\n\t\t\t\t<div class=\"elementor-element elementor-element-dbdbb2d elementor-widget elementor-widget-image\" data-id=\"dbdbb2d\" data-element_type=\"widget\" data-e-type=\"widget\" data-widget_type=\"image.default\">\n\t\t\t\t<div class=\"elementor-widget-container\">\n\t\t\t\t\t\t\t\t\t\t\t\t\t\t\t<img decoding=\"async\" width=\"1024\" height=\"576\" src=\"https:\/\/singmargroup.com\/wp-content\/uploads\/2024\/03\/SG_Projects_13-1024x576.jpg\" class=\"attachment-large size-large wp-image-3708\" alt=\"\" srcset=\"https:\/\/singmargroup.com\/wp-content\/uploads\/2024\/03\/SG_Projects_13-1024x576.jpg 1024w, https:\/\/singmargroup.com\/wp-content\/uploads\/2024\/03\/SG_Projects_13-300x169.jpg 300w, https:\/\/singmargroup.com\/wp-content\/uploads\/2024\/03\/SG_Projects_13-768x432.jpg 768w, https:\/\/singmargroup.com\/wp-content\/uploads\/2024\/03\/SG_Projects_13-1536x864.jpg 1536w, https:\/\/singmargroup.com\/wp-content\/uploads\/2024\/03\/SG_Projects_13-2048x1152.jpg 2048w\" sizes=\"(max-width: 1024px) 100vw, 1024px\" \/>\t\t\t\t\t\t\t\t\t\t\t\t\t\t\t<\/div>\n\t\t\t\t<\/div>\n\t\t\t\t<div class=\"elementor-element elementor-element-a333e19 elementor-widget elementor-widget-image-box\" data-id=\"a333e19\" data-element_type=\"widget\" data-e-type=\"widget\" data-widget_type=\"image-box.default\">\n\t\t\t\t<div class=\"elementor-widget-container\">\n\t\t\t\t\t<div class=\"elementor-image-box-wrapper\"><div class=\"elementor-image-box-content\"><h4 class=\"elementor-image-box-title\">\u00c9tude de Cas Commerciale<\/h4><p class=\"elementor-image-box-description\">D\u00e9couvrez comment nous avons fourni une expertise compl\u00e8te en \u00e9valuation, technique et financi\u00e8re, pour un client institutionnel souhaitant acqu\u00e9rir un b\u00e2timent de premier plan. Notre analyse a garanti une prise de d\u00e9cision \u00e9clair\u00e9e et un investissement strat\u00e9gique dans cet actif cl\u00e9.<\/p><\/div><\/div>\t\t\t\t<\/div>\n\t\t\t\t<\/div>\n\t\t\t\t<div class=\"elementor-element elementor-element-9c0a9ab elementor-widget elementor-widget-button\" data-id=\"9c0a9ab\" data-element_type=\"widget\" data-e-type=\"widget\" data-widget_type=\"button.default\">\n\t\t\t\t<div class=\"elementor-widget-container\">\n\t\t\t\t\t\t\t\t\t<div class=\"elementor-button-wrapper\">\n\t\t\t\t\t<a class=\"elementor-button elementor-button-link elementor-size-sm\" href=\"https:\/\/singmargroup.com\/wp-content\/uploads\/2024\/04\/SG_SC_CP.pdf\">\n\t\t\t\t\t\t<span class=\"elementor-button-content-wrapper\">\n\t\t\t\t\t\t<span class=\"elementor-button-icon\">\n\t\t\t\t\t\t\t<\/span>\n\t\t\t\t\t\t\t\t\t<span class=\"elementor-button-text\">En Savoir Plus<\/span>\n\t\t\t\t\t<\/span>\n\t\t\t\t\t<\/a>\n\t\t\t\t<\/div>\n\t\t\t\t\t\t\t\t<\/div>\n\t\t\t\t<\/div>\n\t\t\t\t<\/div>\n\t\t<div class=\"elementor-element elementor-element-7ecbceb e-con-full e-flex elementor-invisible e-con e-child\" data-id=\"7ecbceb\" data-element_type=\"container\" data-e-type=\"container\" data-settings=\"{&quot;background_background&quot;:&quot;classic&quot;,&quot;animation&quot;:&quot;fadeIn&quot;}\">\n\t\t\t\t<div class=\"elementor-element elementor-element-7486f35 elementor-widget elementor-widget-image\" data-id=\"7486f35\" data-element_type=\"widget\" data-e-type=\"widget\" data-widget_type=\"image.default\">\n\t\t\t\t<div class=\"elementor-widget-container\">\n\t\t\t\t\t\t\t\t\t\t\t\t\t\t\t<img decoding=\"async\" width=\"1024\" height=\"687\" src=\"https:\/\/singmargroup.com\/wp-content\/uploads\/2024\/03\/SG_Publications_2-1024x687.jpg\" class=\"attachment-large size-large wp-image-5027\" alt=\"\" srcset=\"https:\/\/singmargroup.com\/wp-content\/uploads\/2024\/03\/SG_Publications_2-1024x687.jpg 1024w, https:\/\/singmargroup.com\/wp-content\/uploads\/2024\/03\/SG_Publications_2-300x201.jpg 300w, https:\/\/singmargroup.com\/wp-content\/uploads\/2024\/03\/SG_Publications_2-768x515.jpg 768w, https:\/\/singmargroup.com\/wp-content\/uploads\/2024\/03\/SG_Publications_2-1536x1031.jpg 1536w, https:\/\/singmargroup.com\/wp-content\/uploads\/2024\/03\/SG_Publications_2-2048x1374.jpg 2048w\" sizes=\"(max-width: 1024px) 100vw, 1024px\" \/>\t\t\t\t\t\t\t\t\t\t\t\t\t\t\t<\/div>\n\t\t\t\t<\/div>\n\t\t\t\t<div class=\"elementor-element elementor-element-9f28c99 elementor-widget elementor-widget-image-box\" data-id=\"9f28c99\" data-element_type=\"widget\" data-e-type=\"widget\" data-widget_type=\"image-box.default\">\n\t\t\t\t<div class=\"elementor-widget-container\">\n\t\t\t\t\t<div class=\"elementor-image-box-wrapper\"><div class=\"elementor-image-box-content\"><h4 class=\"elementor-image-box-title\">\u00c9tude de Cas R\u00e9sidentielle<\/h4><p class=\"elementor-image-box-description\">Engag\u00e9 par des acqu\u00e9reurs priv\u00e9s, Singmar a supervis\u00e9 le processus de transfert d'un projet immobilier \/ d'une propri\u00e9t\u00e9 achev\u00e9(e) des d\u00e9veloppeurs aux acheteurs, en veillant \u00e0 ce qu'il respecte les normes convenues avant la remise. La description du projet est fournie dans le rapport.<\/p><\/div><\/div>\t\t\t\t<\/div>\n\t\t\t\t<\/div>\n\t\t\t\t<div class=\"elementor-element elementor-element-fcaa80c elementor-widget elementor-widget-button\" data-id=\"fcaa80c\" data-element_type=\"widget\" data-e-type=\"widget\" data-widget_type=\"button.default\">\n\t\t\t\t<div class=\"elementor-widget-container\">\n\t\t\t\t\t\t\t\t\t<div class=\"elementor-button-wrapper\">\n\t\t\t\t\t<a class=\"elementor-button elementor-button-link elementor-size-sm\" href=\"https:\/\/singmargroup.com\/wp-content\/uploads\/2024\/03\/SG_SC_RP.pdf\">\n\t\t\t\t\t\t<span class=\"elementor-button-content-wrapper\">\n\t\t\t\t\t\t<span class=\"elementor-button-icon\">\n\t\t\t\t\t\t\t<\/span>\n\t\t\t\t\t\t\t\t\t<span class=\"elementor-button-text\">En Savoir Plus<\/span>\n\t\t\t\t\t<\/span>\n\t\t\t\t\t<\/a>\n\t\t\t\t<\/div>\n\t\t\t\t\t\t\t\t<\/div>\n\t\t\t\t<\/div>\n\t\t\t\t<\/div>\n\t\t<div class=\"elementor-element elementor-element-432928c e-con-full e-flex elementor-invisible e-con e-child\" data-id=\"432928c\" data-element_type=\"container\" data-e-type=\"container\" data-settings=\"{&quot;background_background&quot;:&quot;classic&quot;,&quot;animation&quot;:&quot;fadeIn&quot;}\">\n\t\t\t\t<div class=\"elementor-element elementor-element-ce44538 elementor-widget elementor-widget-image\" data-id=\"ce44538\" data-element_type=\"widget\" data-e-type=\"widget\" data-widget_type=\"image.default\">\n\t\t\t\t<div class=\"elementor-widget-container\">\n\t\t\t\t\t\t\t\t\t\t\t\t\t\t\t<img loading=\"lazy\" decoding=\"async\" width=\"1024\" height=\"683\" src=\"https:\/\/singmargroup.com\/wp-content\/uploads\/2024\/02\/SG_Home_3-1-1024x683.jpg\" class=\"attachment-large size-large wp-image-2495\" alt=\"\" srcset=\"https:\/\/singmargroup.com\/wp-content\/uploads\/2024\/02\/SG_Home_3-1-1024x683.jpg 1024w, https:\/\/singmargroup.com\/wp-content\/uploads\/2024\/02\/SG_Home_3-1-300x200.jpg 300w, https:\/\/singmargroup.com\/wp-content\/uploads\/2024\/02\/SG_Home_3-1-768x512.jpg 768w, https:\/\/singmargroup.com\/wp-content\/uploads\/2024\/02\/SG_Home_3-1-1536x1024.jpg 1536w, https:\/\/singmargroup.com\/wp-content\/uploads\/2024\/02\/SG_Home_3-1-2048x1365.jpg 2048w\" sizes=\"(max-width: 1024px) 100vw, 1024px\" \/>\t\t\t\t\t\t\t\t\t\t\t\t\t\t\t<\/div>\n\t\t\t\t<\/div>\n\t\t\t\t<div class=\"elementor-element elementor-element-7d316e6 elementor-widget elementor-widget-image-box\" data-id=\"7d316e6\" data-element_type=\"widget\" data-e-type=\"widget\" data-widget_type=\"image-box.default\">\n\t\t\t\t<div class=\"elementor-widget-container\">\n\t\t\t\t\t<div class=\"elementor-image-box-wrapper\"><div class=\"elementor-image-box-content\"><h4 class=\"elementor-image-box-title\">Rapport sur le March\u00e9 Suisse<\/h4><p class=\"elementor-image-box-description\">Le rapport sur le march\u00e9 offre une analyse des tendances de l'industrie. Englobant le d\u00e9veloppement commercial, les projets r\u00e9sidentiels ou les entreprises industrielles, ce rapport fournit des informations pour naviguer et tirer parti du paysage immobilier dynamique de la Suisse.<\/p><\/div><\/div>\t\t\t\t<\/div>\n\t\t\t\t<\/div>\n\t\t\t\t<div class=\"elementor-element elementor-element-e44defc elementor-widget elementor-widget-button\" data-id=\"e44defc\" data-element_type=\"widget\" data-e-type=\"widget\" data-widget_type=\"button.default\">\n\t\t\t\t<div class=\"elementor-widget-container\">\n\t\t\t\t\t\t\t\t\t<div class=\"elementor-button-wrapper\">\n\t\t\t\t\t<a class=\"elementor-button elementor-button-link elementor-size-sm\" href=\"https:\/\/singmargroup.com\/wp-content\/uploads\/2024\/03\/SG_MR-2024Q1.pdf\">\n\t\t\t\t\t\t<span class=\"elementor-button-content-wrapper\">\n\t\t\t\t\t\t<span class=\"elementor-button-icon\">\n\t\t\t\t\t\t\t<\/span>\n\t\t\t\t\t\t\t\t\t<span class=\"elementor-button-text\">En Savoir Plus<\/span>\n\t\t\t\t\t<\/span>\n\t\t\t\t\t<\/a>\n\t\t\t\t<\/div>\n\t\t\t\t\t\t\t\t<\/div>\n\t\t\t\t<\/div>\n\t\t\t\t<\/div>\n\t\t\t\t\t<\/div>\n\t\t\t\t<\/div>\n\t\t\t\t<\/div>\n\t\t\t\t\t<\/div>\n\t\t\t\t<\/div>\n\t\t\t\t<\/div>","protected":false},"excerpt":{"rendered":"<p>Insightful perspectives, guiding real estate decisions Latest Publications Dive into our curated collection of insightful reports and articles, crafted to [&hellip;]<\/p>\n","protected":false},"author":1,"featured_media":0,"parent":0,"menu_order":0,"comment_status":"closed","ping_status":"closed","template":"","meta":{"_monsterinsights_skip_tracking":false,"_monsterinsights_sitenote_active":false,"_monsterinsights_sitenote_note":"","_monsterinsights_sitenote_category":0,"site-sidebar-layout":"no-sidebar","site-content-layout":"page-builder","ast-site-content-layout":"","site-content-style":"default","site-sidebar-style":"default","ast-global-header-display":"","ast-banner-title-visibility":"","ast-main-header-display":"","ast-hfb-above-header-display":"","ast-hfb-below-header-display":"","ast-hfb-mobile-header-display":"","site-post-title":"disabled","ast-breadcrumbs-content":"","ast-featured-img":"disabled","footer-sml-layout":"","theme-transparent-header-meta":"enabled","adv-header-id-meta":"","stick-header-meta":"","header-above-stick-meta":"","header-main-stick-meta":"","header-below-stick-meta":"","astra-migrate-meta-layouts":"default","ast-page-background-enabled":"default","ast-page-background-meta":{"desktop":{"background-color":"","background-image":"","background-repeat":"repeat","background-position":"center center","background-size":"auto","background-attachment":"scroll","background-type":"","background-media":"","overlay-type":"","overlay-color":"","overlay-opacity":"","overlay-gradient":""},"tablet":{"background-color":"","background-image":"","background-repeat":"repeat","background-position":"center center","background-size":"auto","background-attachment":"scroll","background-type":"","background-media":"","overlay-type":"","overlay-color":"","overlay-opacity":"","overlay-gradient":""},"mobile":{"background-color":"","background-image":"","background-repeat":"repeat","background-position":"center center","background-size":"auto","background-attachment":"scroll","background-type":"","background-media":"","overlay-type":"","overlay-color":"","overlay-opacity":"","overlay-gradient":""}},"ast-content-background-meta":{"desktop":{"background-color":"var(--ast-global-color-5)","background-image":"","background-repeat":"repeat","background-position":"center center","background-size":"auto","background-attachment":"scroll","background-type":"","background-media":"","overlay-type":"","overlay-color":"","overlay-opacity":"","overlay-gradient":""},"tablet":{"background-color":"var(--ast-global-color-5)","background-image":"","background-repeat":"repeat","background-position":"center center","background-size":"auto","background-attachment":"scroll","background-type":"","background-media":"","overlay-type":"","overlay-color":"","overlay-opacity":"","overlay-gradient":""},"mobile":{"background-color":"var(--ast-global-color-5)","background-image":"","background-repeat":"repeat","background-position":"center center","background-size":"auto","background-attachment":"scroll","background-type":"","background-media":"","overlay-type":"","overlay-color":"","overlay-opacity":"","overlay-gradient":""}},"footnotes":""},"class_list":["post-2466","page","type-page","status-publish","hentry"],"_links":{"self":[{"href":"https:\/\/singmargroup.com\/fr\/wp-json\/wp\/v2\/pages\/2466","targetHints":{"allow":["GET"]}}],"collection":[{"href":"https:\/\/singmargroup.com\/fr\/wp-json\/wp\/v2\/pages"}],"about":[{"href":"https:\/\/singmargroup.com\/fr\/wp-json\/wp\/v2\/types\/page"}],"author":[{"embeddable":true,"href":"https:\/\/singmargroup.com\/fr\/wp-json\/wp\/v2\/users\/1"}],"replies":[{"embeddable":true,"href":"https:\/\/singmargroup.com\/fr\/wp-json\/wp\/v2\/comments?post=2466"}],"version-history":[{"count":218,"href":"https:\/\/singmargroup.com\/fr\/wp-json\/wp\/v2\/pages\/2466\/revisions"}],"predecessor-version":[{"id":5652,"href":"https:\/\/singmargroup.com\/fr\/wp-json\/wp\/v2\/pages\/2466\/revisions\/5652"}],"wp:attachment":[{"href":"https:\/\/singmargroup.com\/fr\/wp-json\/wp\/v2\/media?parent=2466"}],"curies":[{"name":"wp","href":"https:\/\/api.w.org\/{rel}","templated":true}]}}